{"id":13822,"date":"2023-11-24T12:58:46","date_gmt":"2023-11-24T12:58:46","guid":{"rendered":"https:\/\/ederagenhelse.no\/produkt\/ecogard\/"},"modified":"2026-04-28T08:55:25","modified_gmt":"2026-04-28T08:55:25","slug":"ecogard","status":"publish","type":"product","link":"https:\/\/ederagenhelse.no\/sv\/produkt\/ecogard\/","title":{"rendered":"EcoGard\u00ae"},"content":{"rendered":"<p>Kosttillskottet EcoGard<sup>\u00ae<\/sup> inneh\u00e5ller h\u00f6grenad beta-1,3\/1,6-glukan fr\u00e5n bagerij\u00e4st<em>(Saccharomyces<\/em> <em>cerevisiae<\/em><em>)<\/em>, ett bioaktivt naturligt \u00e4mne som har anv\u00e4nts \u00f6ver hela v\u00e4rlden i mer \u00e4n 30 \u00e5r.<\/p>\n<p>Beta-1,3\/1,6-glukanen i EcoGard<sup>\u00ae<\/sup> har en liknande struktur och verkningsmekanism som de betaglukaner som finns i marksvampar och som utg\u00f6r en betydande del av nedbrytningsprodukterna i gammal skogsmark. Liknande betaglukaner finns ocks\u00e5 i olika patogena mikrober, och genom evolutionen har v\u00e5rt immunsystem d\u00e4rf\u00f6r l\u00e4rt sig att k\u00e4nna igen dessa strukturer som viktiga signal\u00e4mnen som sk\u00e4rper cellerna i det medf\u00f6dda immunsystemet. <\/p>\n<p>Beta-1,3\/1,6-glukan i EcoGard<sup>\u00ae<\/sup> bryts inte ned av matsm\u00e4ltningsenzymer och \u00e4r d\u00e4rf\u00f6r inte ett livsmedel i traditionell mening. Betaglukan passerar genom matsm\u00e4ltningskanalen i sin intakta form. I tarmen kommer betaglukanet i direkt kontakt med immunceller i tarmv\u00e4ggen.  <\/p>\n","protected":false},"excerpt":{"rendered":"<p>Kosttillskottet EcoGard\u00ae inneh\u00e5ller h\u00f6grenad beta-1,3\/1,6-glukan fr\u00e5n bagerij\u00e4st, ett bioaktivt naturligt \u00e4mne som har anv\u00e4nts \u00f6ver hela v\u00e4rlden i mer \u00e4n 30 \u00e5r. Utvecklat och tillverkat i Norge. <\/p>\n","protected":false},"featured_media":23814,"template":"","meta":[],"product_brand":[],"product_cat":[43],"product_tag":[],"class_list":{"0":"post-13822","1":"product","2":"type-product","3":"status-publish","4":"has-post-thumbnail","6":"product_cat-ecogard-sv","8":"first","9":"instock","10":"taxable","11":"shipping-taxable","12":"purchasable","13":"product-type-simple"},"yoast_head":"<!-- This site is optimized with the Yoast SEO plugin v27.5 - https:\/\/yoast.com\/product\/yoast-seo-wordpress\/ -->\n<title>EcoGard\u00ae - Ederagen Helse<\/title>\n<meta name=\"description\" content=\"EcoGard inneh\u00e5ller original betaglukaner utvecklade av Jan Raa och \u00e4r utformade f\u00f6r att st\u00e4rka immunf\u00f6rsvaret. En kapsel dagligen ger 2 m\u00e5naders anv\u00e4ndning.\" \/>\n<meta name=\"robots\" content=\"index, follow, max-snippet:-1, max-image-preview:large, max-video-preview:-1\" \/>\n<link rel=\"canonical\" href=\"https:\/\/ederagenhelse.no\/sv\/produkt\/ecogard\/\" \/>\n<meta property=\"og:locale\" content=\"sv_SE\" \/>\n<meta property=\"og:type\" content=\"article\" \/>\n<meta property=\"og:title\" content=\"EcoGard\u00ae - Ederagen Helse\" \/>\n<meta property=\"og:description\" content=\"EcoGard inneh\u00e5ller original betaglukaner utvecklade av Jan Raa och \u00e4r utformade f\u00f6r att st\u00e4rka immunf\u00f6rsvaret. En kapsel dagligen ger 2 m\u00e5naders anv\u00e4ndning.\" \/>\n<meta property=\"og:url\" content=\"https:\/\/ederagenhelse.no\/sv\/produkt\/ecogard\/\" \/>\n<meta property=\"og:site_name\" content=\"Ederagen Helse\" \/>\n<meta property=\"article:modified_time\" content=\"2026-04-28T08:55:25+00:00\" \/>\n<meta property=\"og:image\" content=\"https:\/\/ederagenhelse.no\/wp-content\/uploads\/2023\/11\/Ecogard-1-e1773746909341-1024x743.png\" \/>\n\t<meta property=\"og:image:width\" content=\"1024\" \/>\n\t<meta property=\"og:image:height\" content=\"743\" \/>\n\t<meta property=\"og:image:type\" content=\"image\/png\" \/>\n<meta name=\"twitter:card\" content=\"summary_large_image\" \/>\n<meta name=\"twitter:label1\" content=\"Ber\u00e4knad l\u00e4stid\" \/>\n\t<meta name=\"twitter:data1\" content=\"1 minut\" \/>\n<script type=\"application\/ld+json\" class=\"yoast-schema-graph\">{\"@context\":\"https:\\\/\\\/schema.org\",\"@graph\":[{\"@type\":\"WebPage\",\"@id\":\"https:\\\/\\\/ederagenhelse.no\\\/sv\\\/produkt\\\/ecogard\\\/\",\"url\":\"https:\\\/\\\/ederagenhelse.no\\\/sv\\\/produkt\\\/ecogard\\\/\",\"name\":\"EcoGard\u00ae - Ederagen Helse\",\"isPartOf\":{\"@id\":\"https:\\\/\\\/ederagenhelse.no\\\/#website\"},\"primaryImageOfPage\":{\"@id\":\"https:\\\/\\\/ederagenhelse.no\\\/sv\\\/produkt\\\/ecogard\\\/#primaryimage\"},\"image\":{\"@id\":\"https:\\\/\\\/ederagenhelse.no\\\/sv\\\/produkt\\\/ecogard\\\/#primaryimage\"},\"thumbnailUrl\":\"https:\\\/\\\/ederagenhelse.no\\\/wp-content\\\/uploads\\\/2023\\\/11\\\/Ecogard-1-e1773746909341.png\",\"datePublished\":\"2023-11-24T12:58:46+00:00\",\"dateModified\":\"2026-04-28T08:55:25+00:00\",\"description\":\"EcoGard inneh\u00e5ller original betaglukaner utvecklade av Jan Raa och \u00e4r utformade f\u00f6r att st\u00e4rka immunf\u00f6rsvaret. En kapsel dagligen ger 2 m\u00e5naders anv\u00e4ndning.\",\"breadcrumb\":{\"@id\":\"https:\\\/\\\/ederagenhelse.no\\\/sv\\\/produkt\\\/ecogard\\\/#breadcrumb\"},\"inLanguage\":\"sv-SE\",\"potentialAction\":[{\"@type\":\"ReadAction\",\"target\":[\"https:\\\/\\\/ederagenhelse.no\\\/sv\\\/produkt\\\/ecogard\\\/\"]}]},{\"@type\":\"ImageObject\",\"inLanguage\":\"sv-SE\",\"@id\":\"https:\\\/\\\/ederagenhelse.no\\\/sv\\\/produkt\\\/ecogard\\\/#primaryimage\",\"url\":\"https:\\\/\\\/ederagenhelse.no\\\/wp-content\\\/uploads\\\/2023\\\/11\\\/Ecogard-1-e1773746909341.png\",\"contentUrl\":\"https:\\\/\\\/ederagenhelse.no\\\/wp-content\\\/uploads\\\/2023\\\/11\\\/Ecogard-1-e1773746909341.png\",\"width\":2130,\"height\":1546},{\"@type\":\"BreadcrumbList\",\"@id\":\"https:\\\/\\\/ederagenhelse.no\\\/sv\\\/produkt\\\/ecogard\\\/#breadcrumb\",\"itemListElement\":[{\"@type\":\"ListItem\",\"position\":1,\"name\":\"Hjem\",\"item\":\"https:\\\/\\\/ederagenhelse.no\\\/da\\\/\"},{\"@type\":\"ListItem\",\"position\":2,\"name\":\"Butik\",\"item\":\"https:\\\/\\\/ederagenhelse.no\\\/sv\\\/butik\\\/\"},{\"@type\":\"ListItem\",\"position\":3,\"name\":\"EcoGard\u00ae\"}]},{\"@type\":\"WebSite\",\"@id\":\"https:\\\/\\\/ederagenhelse.no\\\/#website\",\"url\":\"https:\\\/\\\/ederagenhelse.no\\\/\",\"name\":\"Ederagen Helse\",\"description\":\"Lidenskapelig opptatt av god helse og godt immunforsvar\",\"publisher\":{\"@id\":\"https:\\\/\\\/ederagenhelse.no\\\/#organization\"},\"potentialAction\":[{\"@type\":\"SearchAction\",\"target\":{\"@type\":\"EntryPoint\",\"urlTemplate\":\"https:\\\/\\\/ederagenhelse.no\\\/?s={search_term_string}\"},\"query-input\":{\"@type\":\"PropertyValueSpecification\",\"valueRequired\":true,\"valueName\":\"search_term_string\"}}],\"inLanguage\":\"sv-SE\"},{\"@type\":\"Organization\",\"@id\":\"https:\\\/\\\/ederagenhelse.no\\\/#organization\",\"name\":\"Ederagen Helse\",\"url\":\"https:\\\/\\\/ederagenhelse.no\\\/\",\"logo\":{\"@type\":\"ImageObject\",\"inLanguage\":\"sv-SE\",\"@id\":\"https:\\\/\\\/ederagenhelse.no\\\/#\\\/schema\\\/logo\\\/image\\\/\",\"url\":\"https:\\\/\\\/ederagenhelse.no\\\/wp-content\\\/uploads\\\/2024\\\/02\\\/logo-hvit-1.png\",\"contentUrl\":\"https:\\\/\\\/ederagenhelse.no\\\/wp-content\\\/uploads\\\/2024\\\/02\\\/logo-hvit-1.png\",\"width\":2560,\"height\":418,\"caption\":\"Ederagen Helse \"},\"image\":{\"@id\":\"https:\\\/\\\/ederagenhelse.no\\\/#\\\/schema\\\/logo\\\/image\\\/\"}}]}<\/script>\n<!-- \/ Yoast SEO plugin. -->","yoast_head_json":{"title":"EcoGard\u00ae - Ederagen Helse","description":"EcoGard inneh\u00e5ller original betaglukaner utvecklade av Jan Raa och \u00e4r utformade f\u00f6r att st\u00e4rka immunf\u00f6rsvaret. En kapsel dagligen ger 2 m\u00e5naders anv\u00e4ndning.","robots":{"index":"index","follow":"follow","max-snippet":"max-snippet:-1","max-image-preview":"max-image-preview:large","max-video-preview":"max-video-preview:-1"},"canonical":"https:\/\/ederagenhelse.no\/sv\/produkt\/ecogard\/","og_locale":"sv_SE","og_type":"article","og_title":"EcoGard\u00ae - Ederagen Helse","og_description":"EcoGard inneh\u00e5ller original betaglukaner utvecklade av Jan Raa och \u00e4r utformade f\u00f6r att st\u00e4rka immunf\u00f6rsvaret. En kapsel dagligen ger 2 m\u00e5naders anv\u00e4ndning.","og_url":"https:\/\/ederagenhelse.no\/sv\/produkt\/ecogard\/","og_site_name":"Ederagen Helse","article_modified_time":"2026-04-28T08:55:25+00:00","og_image":[{"width":1024,"height":743,"url":"https:\/\/ederagenhelse.no\/wp-content\/uploads\/2023\/11\/Ecogard-1-e1773746909341-1024x743.png","type":"image\/png"}],"twitter_card":"summary_large_image","twitter_misc":{"Ber\u00e4knad l\u00e4stid":"1 minut"},"schema":{"@context":"https:\/\/schema.org","@graph":[{"@type":"WebPage","@id":"https:\/\/ederagenhelse.no\/sv\/produkt\/ecogard\/","url":"https:\/\/ederagenhelse.no\/sv\/produkt\/ecogard\/","name":"EcoGard\u00ae - Ederagen Helse","isPartOf":{"@id":"https:\/\/ederagenhelse.no\/#website"},"primaryImageOfPage":{"@id":"https:\/\/ederagenhelse.no\/sv\/produkt\/ecogard\/#primaryimage"},"image":{"@id":"https:\/\/ederagenhelse.no\/sv\/produkt\/ecogard\/#primaryimage"},"thumbnailUrl":"https:\/\/ederagenhelse.no\/wp-content\/uploads\/2023\/11\/Ecogard-1-e1773746909341.png","datePublished":"2023-11-24T12:58:46+00:00","dateModified":"2026-04-28T08:55:25+00:00","description":"EcoGard inneh\u00e5ller original betaglukaner utvecklade av Jan Raa och \u00e4r utformade f\u00f6r att st\u00e4rka immunf\u00f6rsvaret. En kapsel dagligen ger 2 m\u00e5naders anv\u00e4ndning.","breadcrumb":{"@id":"https:\/\/ederagenhelse.no\/sv\/produkt\/ecogard\/#breadcrumb"},"inLanguage":"sv-SE","potentialAction":[{"@type":"ReadAction","target":["https:\/\/ederagenhelse.no\/sv\/produkt\/ecogard\/"]}]},{"@type":"ImageObject","inLanguage":"sv-SE","@id":"https:\/\/ederagenhelse.no\/sv\/produkt\/ecogard\/#primaryimage","url":"https:\/\/ederagenhelse.no\/wp-content\/uploads\/2023\/11\/Ecogard-1-e1773746909341.png","contentUrl":"https:\/\/ederagenhelse.no\/wp-content\/uploads\/2023\/11\/Ecogard-1-e1773746909341.png","width":2130,"height":1546},{"@type":"BreadcrumbList","@id":"https:\/\/ederagenhelse.no\/sv\/produkt\/ecogard\/#breadcrumb","itemListElement":[{"@type":"ListItem","position":1,"name":"Hjem","item":"https:\/\/ederagenhelse.no\/da\/"},{"@type":"ListItem","position":2,"name":"Butik","item":"https:\/\/ederagenhelse.no\/sv\/butik\/"},{"@type":"ListItem","position":3,"name":"EcoGard\u00ae"}]},{"@type":"WebSite","@id":"https:\/\/ederagenhelse.no\/#website","url":"https:\/\/ederagenhelse.no\/","name":"Ederagen Helse","description":"Lidenskapelig opptatt av god helse og godt immunforsvar","publisher":{"@id":"https:\/\/ederagenhelse.no\/#organization"},"potentialAction":[{"@type":"SearchAction","target":{"@type":"EntryPoint","urlTemplate":"https:\/\/ederagenhelse.no\/?s={search_term_string}"},"query-input":{"@type":"PropertyValueSpecification","valueRequired":true,"valueName":"search_term_string"}}],"inLanguage":"sv-SE"},{"@type":"Organization","@id":"https:\/\/ederagenhelse.no\/#organization","name":"Ederagen Helse","url":"https:\/\/ederagenhelse.no\/","logo":{"@type":"ImageObject","inLanguage":"sv-SE","@id":"https:\/\/ederagenhelse.no\/#\/schema\/logo\/image\/","url":"https:\/\/ederagenhelse.no\/wp-content\/uploads\/2024\/02\/logo-hvit-1.png","contentUrl":"https:\/\/ederagenhelse.no\/wp-content\/uploads\/2024\/02\/logo-hvit-1.png","width":2560,"height":418,"caption":"Ederagen Helse "},"image":{"@id":"https:\/\/ederagenhelse.no\/#\/schema\/logo\/image\/"}}]}},"_links":{"self":[{"href":"https:\/\/ederagenhelse.no\/sv\/wp-json\/wp\/v2\/product\/13822","targetHints":{"allow":["GET"]}}],"collection":[{"href":"https:\/\/ederagenhelse.no\/sv\/wp-json\/wp\/v2\/product"}],"about":[{"href":"https:\/\/ederagenhelse.no\/sv\/wp-json\/wp\/v2\/types\/product"}],"wp:featuredmedia":[{"embeddable":true,"href":"https:\/\/ederagenhelse.no\/sv\/wp-json\/wp\/v2\/media\/23814"}],"wp:attachment":[{"href":"https:\/\/ederagenhelse.no\/sv\/wp-json\/wp\/v2\/media?parent=13822"}],"wp:term":[{"taxonomy":"product_brand","embeddable":true,"href":"https:\/\/ederagenhelse.no\/sv\/wp-json\/wp\/v2\/product_brand?post=13822"},{"taxonomy":"product_cat","embeddable":true,"href":"https:\/\/ederagenhelse.no\/sv\/wp-json\/wp\/v2\/product_cat?post=13822"},{"taxonomy":"product_tag","embeddable":true,"href":"https:\/\/ederagenhelse.no\/sv\/wp-json\/wp\/v2\/product_tag?post=13822"}],"curies":[{"name":"wp","href":"https:\/\/api.w.org\/{rel}","templated":true}]}}