{"id":13954,"date":"2023-11-21T13:23:25","date_gmt":"2023-11-21T13:23:25","guid":{"rendered":"https:\/\/ederagenhelse.no\/ny2026\/integritetspolicy\/"},"modified":"2025-01-31T08:58:49","modified_gmt":"2025-01-31T08:58:49","slug":"integritetspolicy","status":"publish","type":"page","link":"https:\/\/ederagenhelse.no\/ny2026\/sv\/integritetspolicy\/","title":{"rendered":"Integritetspolicy"},"content":{"rendered":"\n<h2 class=\"wp-block-heading\">Vi anv\u00e4nder cookies f\u00f6r att ge dig b\u00e4sta m\u00f6jliga anv\u00e4ndarupplevelse. Genom att forts\u00e4tta anv\u00e4nda webbplatsen accepterar du att s\u00e5dan information anv\u00e4nds. <\/h2>\n\n<p>P\u00e5 denna webbplats loggar vi anonym information om alla bes\u00f6kare. Vi anv\u00e4nder cookies fr\u00e4mst f\u00f6r trafikm\u00e4tning och optimering av inneh\u00e5ll och anv\u00e4ndarupplevelse. Denna information \u00e4r anonymiserad och kan inte sp\u00e5ras tillbaka till dig som individ.  <\/p>\n\n<p>Denna integritetspolicy publicerades: 22.03.22<\/p>\n\n<p><strong>Cookies &#8211; vad de \u00e4r och hur de fungerar<\/strong><\/p>\n\n<p>Cookies \u00e4r n\u00e5got som de allra flesta webbplatser anv\u00e4nder sig av idag. En cookie \u00e4r en liten textfil som lagras i din webbl\u00e4sares internminne och som g\u00f6r att vi kan se vad du klickar p\u00e5, hur du navigerar p\u00e5 webbplatsen och hur inneh\u00e5llet p\u00e5 webbplatsen fungerar. Dessutom samlar vi in information om navigering, bes\u00f6kstid, vilken webbl\u00e4sare du anv\u00e4nder och s\u00e5 vidare. Detta g\u00f6r vi f\u00f6r att p\u00e5 b\u00e4sta s\u00e4tt kunna anpassa webbplatsens inneh\u00e5ll till dig som anv\u00e4ndare. De flesta webbl\u00e4sare (Google Chrome, Firefox, Internet Explorer, Safari m.fl.) \u00e4r inst\u00e4llda p\u00e5 att acceptera cookies automatiskt, men du kan v\u00e4lja att \u00e4ndra inst\u00e4llningarna s\u00e5 att cookies inte accepteras. Observera att detta kan inneb\u00e4ra att m\u00e5nga webbplatser inte l\u00e4ngre fungerar som de ska.     <\/p>\n\n<p><strong>Vad vi anv\u00e4nder cookies till<\/strong><\/p>\n\n<p><strong>Google Analytics<\/strong><\/p>\n\n<p>Analysverktyget Google Analytics anv\u00e4nds f\u00f6r att studera trafik, anv\u00e4ndningsm\u00f6nster och trender p\u00e5 webbplatsen. De uppgifter som samlas in anv\u00e4nds f\u00f6r att optimera anv\u00e4ndarupplevelsen och anpassa inneh\u00e5llet p\u00e5 webbplatsen. I enlighet med Googles riktlinjer f\u00f6r anv\u00e4ndning av Google Analytics samlas ingen personligt identifierbar information in om dig som anv\u00e4ndare. De uppgifter som samlas in lagras p\u00e5 Googles servrar. Om du inte vill att Google Analytics ska samla in uppgifter om dig kan du <a href=\"https:\/\/tools.google.com\/dlpage\/gaoptout\/\">beg\u00e4ra att bli utesluten<\/a>.    <\/p>\n\n<p><strong>Google Tag Manager<\/strong><\/p>\n\n<p>Google Tag Manager hanterar sp\u00e5rningstaggar och h\u00e4nvisar sp\u00e5rningsinst\u00e4llningar och sp\u00e5rning till tredjepartsl\u00f6sningar som Universal Analytics (Google Analytics) och anv\u00e4nds f\u00f6r webbplatsoptimering och marknadsf\u00f6ringstj\u00e4nster. Alla sp\u00e5rningstaggar k\u00f6rs och hanteras via Google Tag Manager. <\/p>\n\n<p>Vad som lagras: Dina r\u00f6relser och vissa \u00e5tg\u00e4rder p\u00e5 webbplatsen (t.ex. om du trycker p\u00e5 &#8221;L\u00e4gg i korgen&#8221; i en webbutik). All data \u00e4r anonymiserad och vi lagrar ingen k\u00e4nslig information s\u00e5som: kreditkortsuppgifter, telefonnummer, adress eller n\u00e5gon annan form av data som kan identifiera dig som person. <\/p>\n\n<p><strong>Facebook Pixel<\/strong><\/p>\n\n<p>Facebook Pixel \u00e4r ett analysverktyg som g\u00f6r det m\u00f6jligt f\u00f6r oss att m\u00e4ta effektiviteten av annonsering fr\u00e5n Facebook genom att sp\u00e5ra de \u00e5tg\u00e4rder som anv\u00e4ndaren utf\u00f6r p\u00e5 webbplatsen i syfte att optimera Facebook-annonser (bygga m\u00e5lgrupp och remarketing). Du kan anv\u00e4nda denna information f\u00f6r att: <\/p>\n\n<ul class=\"wp-block-list\">\n<li>Se till att annonserna visas f\u00f6r r\u00e4tt personer<\/li>\n\n\n\n<li>Skapa en m\u00e5lgrupp f\u00f6r annonsering<\/li>\n\n\n\n<li>L\u00e5sa upp ytterligare annonseringsverktyg p\u00e5 Facebook<\/li>\n<\/ul>\n\n<p>Vad som lagras: Vilka annonser anv\u00e4ndaren har sett p\u00e5 Facebook, vilka sidor anv\u00e4ndaren har bes\u00f6kt och vilka konverteringar (order, kontakt etc.) anv\u00e4ndaren har gjort.<\/p>\n\n<p><strong>Hotjar<\/strong><\/p>\n\n<p>Kartl\u00e4ggning av den interaktion som anv\u00e4ndaren har med webbplatsen. F\u00f6r att hj\u00e4lpa oss att f\u00f6rst\u00e5 hur bes\u00f6kare interagerar med webbplatsen registrerar Hotjar bes\u00f6karsessioner. Hotjar-skriptet \u00e4r en websocket-anslutning som skickar f\u00f6ljande information till Hotjars servrar:  <\/p>\n\n<ul class=\"wp-block-list\">\n<li>HTML-\u00e4ndringar som sker under anv\u00e4ndarens session p\u00e5 webbplatsen<\/li>\n\n\n\n<li>Musr\u00f6relser<\/li>\n\n\n\n<li>Klicka med musen<\/li>\n\n\n\n<li>Skrollande gester<\/li>\n\n\n\n<li>Tangenttryckningar f\u00f6r vitlistade \u00e5tg\u00e4rder<\/li>\n\n\n\n<li>Statistik \u00f6ver om webbl\u00e4sarens visningsstorlek \u00e4ndras<\/li>\n<\/ul>\n\n<p>Varje h\u00e4ndelse som sp\u00e5ras lagras i Hotjars molndatabas med hj\u00e4lp av en tidsst\u00e4mpel som senare anv\u00e4nds f\u00f6r att spela upp h\u00e4ndelserna i sekventiell ordning. Hotjar-skriptet sp\u00e5rar bes\u00f6kare n\u00e4r de bes\u00f6ker olika sidor med hj\u00e4lp av en f\u00f6rstapartscookie, vilket g\u00f6r att hela sessionen kan spelas upp i en enda inspelning. Ingen k\u00e4nslig information eller anv\u00e4ndarinformation h\u00e4mtas eller lagras.  <\/p>\n\n<p><strong>Sp\u00e5rningspixlar<\/strong><\/p>\n\n<p>Sp\u00e5rningspixlarna p\u00e5 webbplatsen anv\u00e4nds f\u00f6r att sp\u00e5ra konverteringar och personanpassad marknadsf\u00f6ring. De \u00e4r inte containertaggar och skickar inte tillbaka personlig information. <\/p>\n\n<p><strong>Insamling av information<\/strong><\/p>\n\n<p>Vi samlar in information via formul\u00e4r p\u00e5 v\u00e5r webbplats. Det \u00e4r frivilligt att l\u00e4mna denna information. Om du v\u00e4ljer att inte l\u00e4mna ut dina personuppgifter kan vi vara f\u00f6rhindrade att ge dig tillg\u00e5ng till produkten eller tj\u00e4nsten.<\/p>\n\n<p><strong>Exempel p\u00e5 ett formul\u00e4r:<\/strong><\/p>\n\n<ul class=\"wp-block-list\">\n<li>Kontaktformul\u00e4r<\/li>\n\n\n\n<li>N\u00e4r du vill prova en produkt eller tj\u00e4nst<\/li>\n\n\n\n<li>N\u00e4r du k\u00f6per produkter eller tj\u00e4nster p\u00e5 en webbplats<\/li>\n\n\n\n<li>N\u00e4r du registrerar dig f\u00f6r webbseminarier, kurser och konferenser<\/li>\n\n\n\n<li>N\u00e4r du laddar ner dokument, till exempel e-b\u00f6cker eller andra<\/li>\n\n\n\n<li>Genom att anm\u00e4la dig f\u00f6r att f\u00e5 nyhetsbrev eller bloggar via e-post<\/li>\n<\/ul>\n\n<p><strong>Syftet med den information som samlas in:<\/strong><\/p>\n\n<ul class=\"wp-block-list\">\n<li>F\u00f6r att ge anv\u00e4ndaren tillg\u00e5ng till v\u00e5ra produkter och tj\u00e4nster<\/li>\n\n\n\n<li>F\u00f6r att skicka relevant information till anv\u00e4ndaren<\/li>\n\n\n\n<li>Att kunna ta kontakt f\u00f6r att erbjuda produkter eller tj\u00e4nster<\/li>\n<\/ul>\n\n<p><strong>S\u00e5 h\u00e4r raderar du cookies<\/strong><\/p>\n\n<p>Normalt \u00e4r de flesta webbl\u00e4sare inst\u00e4llda p\u00e5 att acceptera cookies. Observera att du kan radera dessa genom att f\u00f6lja instruktionerna f\u00f6r radering av cookies i din webbl\u00e4sare. Du hittar information om detta i webbl\u00e4sarens &#8221;Hj\u00e4lp&#8221;-funktion. Observera att om du begr\u00e4nsar \u00e5tkomsten till cookies kan det p\u00e5verka webbplatsens funktionalitet.<\/p>\n\n<p>Om du vill ta bort cookies fr\u00e5n din dator kan du anv\u00e4nda dessa guider:  <\/p>\n\n<ul class=\"wp-block-list\">\n<li><a href=\"https:\/\/support.microsoft.com\/en-us\/kb\/278835#\/en-us\/kb\/278835\/\">Internet Explorer<\/a><\/li>\n\n\n\n<li><a href=\"https:\/\/support.google.com\/chrome\/answer\/95647?hl=no\/\">Krom<\/a><\/li>\n\n\n\n<li><a href=\"https:\/\/support.apple.com\/kb\/PH17191?locale=no_NO\">Safari<\/a><\/li>\n\n\n\n<li><a href=\"https:\/\/support.mozilla.org\/no\/kb\/slett-informasjonskapsler-fjerne-informasjon-netts\">Firefox<\/a><\/li>\n<\/ul>\n","protected":false},"excerpt":{"rendered":"<p>Vi anv\u00e4nder cookies f\u00f6r att ge dig b\u00e4sta m\u00f6jliga anv\u00e4ndarupplevelse. Genom att forts\u00e4tta anv\u00e4nda webbplatsen accepterar du att s\u00e5dan information anv\u00e4nds. P\u00e5 denna webbplats loggar vi anonym information om alla bes\u00f6kare. Vi anv\u00e4nder cookies fr\u00e4mst f\u00f6r trafikm\u00e4tning och optimering av inneh\u00e5ll och anv\u00e4ndarupplevelse. Denna information \u00e4r anonymiserad och kan inte sp\u00e5ras tillbaka till dig som [&hellip;]<\/p>\n","protected":false},"author":1,"featured_media":0,"parent":0,"menu_order":0,"comment_status":"closed","ping_status":"closed","template":"","meta":{"footnotes":""},"class_list":["post-13954","page","type-page","status-publish","hentry"],"yoast_head":"<!-- This site is optimized with the Yoast SEO plugin v27.4 - https:\/\/yoast.com\/product\/yoast-seo-wordpress\/ -->\n<title>Integritetspolicy - Ederagen Helse<\/title>\n<meta name=\"robots\" content=\"noindex, follow, max-snippet:-1, max-image-preview:large, max-video-preview:-1\" \/>\n<meta property=\"og:locale\" content=\"sv_SE\" \/>\n<meta property=\"og:type\" content=\"article\" \/>\n<meta property=\"og:title\" content=\"Integritetspolicy - Ederagen Helse\" \/>\n<meta property=\"og:description\" content=\"Vi anv\u00e4nder cookies f\u00f6r att ge dig b\u00e4sta m\u00f6jliga anv\u00e4ndarupplevelse. Genom att forts\u00e4tta anv\u00e4nda webbplatsen accepterar du att s\u00e5dan information anv\u00e4nds. P\u00e5 denna webbplats loggar vi anonym information om alla bes\u00f6kare. Vi anv\u00e4nder cookies fr\u00e4mst f\u00f6r trafikm\u00e4tning och optimering av inneh\u00e5ll och anv\u00e4ndarupplevelse. Denna information \u00e4r anonymiserad och kan inte sp\u00e5ras tillbaka till dig som [&hellip;]\" \/>\n<meta property=\"og:url\" content=\"https:\/\/ederagenhelse.no\/ny2026\/sv\/integritetspolicy\/\" \/>\n<meta property=\"og:site_name\" content=\"Ederagen Helse\" \/>\n<meta property=\"article:modified_time\" content=\"2025-01-31T08:58:49+00:00\" \/>\n<meta name=\"twitter:card\" content=\"summary_large_image\" \/>\n<meta name=\"twitter:label1\" content=\"Ber\u00e4knad l\u00e4stid\" \/>\n\t<meta name=\"twitter:data1\" content=\"5 minuter\" \/>\n<script type=\"application\/ld+json\" class=\"yoast-schema-graph\">{\"@context\":\"https:\\\/\\\/schema.org\",\"@graph\":[{\"@type\":\"WebPage\",\"@id\":\"https:\\\/\\\/ederagenhelse.no\\\/ny2026\\\/sv\\\/integritetspolicy\\\/\",\"url\":\"https:\\\/\\\/ederagenhelse.no\\\/ny2026\\\/sv\\\/integritetspolicy\\\/\",\"name\":\"Integritetspolicy - Ederagen Helse\",\"isPartOf\":{\"@id\":\"https:\\\/\\\/ederagenhelse.no\\\/ny2026\\\/#website\"},\"datePublished\":\"2023-11-21T13:23:25+00:00\",\"dateModified\":\"2025-01-31T08:58:49+00:00\",\"breadcrumb\":{\"@id\":\"https:\\\/\\\/ederagenhelse.no\\\/ny2026\\\/sv\\\/integritetspolicy\\\/#breadcrumb\"},\"inLanguage\":\"sv-SE\",\"potentialAction\":[{\"@type\":\"ReadAction\",\"target\":[\"https:\\\/\\\/ederagenhelse.no\\\/ny2026\\\/sv\\\/integritetspolicy\\\/\"]}]},{\"@type\":\"BreadcrumbList\",\"@id\":\"https:\\\/\\\/ederagenhelse.no\\\/ny2026\\\/sv\\\/integritetspolicy\\\/#breadcrumb\",\"itemListElement\":[{\"@type\":\"ListItem\",\"position\":1,\"name\":\"Hjem\",\"item\":\"https:\\\/\\\/ederagenhelse.no\\\/ny2026\\\/sv\\\/\"},{\"@type\":\"ListItem\",\"position\":2,\"name\":\"Integritetspolicy\"}]},{\"@type\":\"WebSite\",\"@id\":\"https:\\\/\\\/ederagenhelse.no\\\/ny2026\\\/#website\",\"url\":\"https:\\\/\\\/ederagenhelse.no\\\/ny2026\\\/\",\"name\":\"Ederagen Helse\",\"description\":\"Lidenskapelig opptatt av god helse og godt immunforsvar\",\"publisher\":{\"@id\":\"https:\\\/\\\/ederagenhelse.no\\\/ny2026\\\/#organization\"},\"potentialAction\":[{\"@type\":\"SearchAction\",\"target\":{\"@type\":\"EntryPoint\",\"urlTemplate\":\"https:\\\/\\\/ederagenhelse.no\\\/ny2026\\\/?s={search_term_string}\"},\"query-input\":{\"@type\":\"PropertyValueSpecification\",\"valueRequired\":true,\"valueName\":\"search_term_string\"}}],\"inLanguage\":\"sv-SE\"},{\"@type\":\"Organization\",\"@id\":\"https:\\\/\\\/ederagenhelse.no\\\/ny2026\\\/#organization\",\"name\":\"Ederagen Helse\",\"url\":\"https:\\\/\\\/ederagenhelse.no\\\/ny2026\\\/\",\"logo\":{\"@type\":\"ImageObject\",\"inLanguage\":\"sv-SE\",\"@id\":\"https:\\\/\\\/ederagenhelse.no\\\/ny2026\\\/#\\\/schema\\\/logo\\\/image\\\/\",\"url\":\"https:\\\/\\\/ederagenhelse.no\\\/ny2026\\\/wp-content\\\/uploads\\\/2024\\\/02\\\/logo-hvit-1.png\",\"contentUrl\":\"https:\\\/\\\/ederagenhelse.no\\\/ny2026\\\/wp-content\\\/uploads\\\/2024\\\/02\\\/logo-hvit-1.png\",\"width\":2560,\"height\":418,\"caption\":\"Ederagen Helse \"},\"image\":{\"@id\":\"https:\\\/\\\/ederagenhelse.no\\\/ny2026\\\/#\\\/schema\\\/logo\\\/image\\\/\"}}]}<\/script>\n<!-- \/ Yoast SEO plugin. -->","yoast_head_json":{"title":"Integritetspolicy - Ederagen Helse","robots":{"index":"noindex","follow":"follow","max-snippet":"max-snippet:-1","max-image-preview":"max-image-preview:large","max-video-preview":"max-video-preview:-1"},"og_locale":"sv_SE","og_type":"article","og_title":"Integritetspolicy - Ederagen Helse","og_description":"Vi anv\u00e4nder cookies f\u00f6r att ge dig b\u00e4sta m\u00f6jliga anv\u00e4ndarupplevelse. Genom att forts\u00e4tta anv\u00e4nda webbplatsen accepterar du att s\u00e5dan information anv\u00e4nds. P\u00e5 denna webbplats loggar vi anonym information om alla bes\u00f6kare. Vi anv\u00e4nder cookies fr\u00e4mst f\u00f6r trafikm\u00e4tning och optimering av inneh\u00e5ll och anv\u00e4ndarupplevelse. Denna information \u00e4r anonymiserad och kan inte sp\u00e5ras tillbaka till dig som [&hellip;]","og_url":"https:\/\/ederagenhelse.no\/ny2026\/sv\/integritetspolicy\/","og_site_name":"Ederagen Helse","article_modified_time":"2025-01-31T08:58:49+00:00","twitter_card":"summary_large_image","twitter_misc":{"Ber\u00e4knad l\u00e4stid":"5 minuter"},"schema":{"@context":"https:\/\/schema.org","@graph":[{"@type":"WebPage","@id":"https:\/\/ederagenhelse.no\/ny2026\/sv\/integritetspolicy\/","url":"https:\/\/ederagenhelse.no\/ny2026\/sv\/integritetspolicy\/","name":"Integritetspolicy - Ederagen Helse","isPartOf":{"@id":"https:\/\/ederagenhelse.no\/ny2026\/#website"},"datePublished":"2023-11-21T13:23:25+00:00","dateModified":"2025-01-31T08:58:49+00:00","breadcrumb":{"@id":"https:\/\/ederagenhelse.no\/ny2026\/sv\/integritetspolicy\/#breadcrumb"},"inLanguage":"sv-SE","potentialAction":[{"@type":"ReadAction","target":["https:\/\/ederagenhelse.no\/ny2026\/sv\/integritetspolicy\/"]}]},{"@type":"BreadcrumbList","@id":"https:\/\/ederagenhelse.no\/ny2026\/sv\/integritetspolicy\/#breadcrumb","itemListElement":[{"@type":"ListItem","position":1,"name":"Hjem","item":"https:\/\/ederagenhelse.no\/ny2026\/sv\/"},{"@type":"ListItem","position":2,"name":"Integritetspolicy"}]},{"@type":"WebSite","@id":"https:\/\/ederagenhelse.no\/ny2026\/#website","url":"https:\/\/ederagenhelse.no\/ny2026\/","name":"Ederagen Helse","description":"Lidenskapelig opptatt av god helse og godt immunforsvar","publisher":{"@id":"https:\/\/ederagenhelse.no\/ny2026\/#organization"},"potentialAction":[{"@type":"SearchAction","target":{"@type":"EntryPoint","urlTemplate":"https:\/\/ederagenhelse.no\/ny2026\/?s={search_term_string}"},"query-input":{"@type":"PropertyValueSpecification","valueRequired":true,"valueName":"search_term_string"}}],"inLanguage":"sv-SE"},{"@type":"Organization","@id":"https:\/\/ederagenhelse.no\/ny2026\/#organization","name":"Ederagen Helse","url":"https:\/\/ederagenhelse.no\/ny2026\/","logo":{"@type":"ImageObject","inLanguage":"sv-SE","@id":"https:\/\/ederagenhelse.no\/ny2026\/#\/schema\/logo\/image\/","url":"https:\/\/ederagenhelse.no\/ny2026\/wp-content\/uploads\/2024\/02\/logo-hvit-1.png","contentUrl":"https:\/\/ederagenhelse.no\/ny2026\/wp-content\/uploads\/2024\/02\/logo-hvit-1.png","width":2560,"height":418,"caption":"Ederagen Helse "},"image":{"@id":"https:\/\/ederagenhelse.no\/ny2026\/#\/schema\/logo\/image\/"}}]}},"_links":{"self":[{"href":"https:\/\/ederagenhelse.no\/ny2026\/sv\/wp-json\/wp\/v2\/pages\/13954","targetHints":{"allow":["GET"]}}],"collection":[{"href":"https:\/\/ederagenhelse.no\/ny2026\/sv\/wp-json\/wp\/v2\/pages"}],"about":[{"href":"https:\/\/ederagenhelse.no\/ny2026\/sv\/wp-json\/wp\/v2\/types\/page"}],"author":[{"embeddable":true,"href":"https:\/\/ederagenhelse.no\/ny2026\/sv\/wp-json\/wp\/v2\/users\/1"}],"replies":[{"embeddable":true,"href":"https:\/\/ederagenhelse.no\/ny2026\/sv\/wp-json\/wp\/v2\/comments?post=13954"}],"version-history":[{"count":1,"href":"https:\/\/ederagenhelse.no\/ny2026\/sv\/wp-json\/wp\/v2\/pages\/13954\/revisions"}],"predecessor-version":[{"id":13955,"href":"https:\/\/ederagenhelse.no\/ny2026\/sv\/wp-json\/wp\/v2\/pages\/13954\/revisions\/13955"}],"wp:attachment":[{"href":"https:\/\/ederagenhelse.no\/ny2026\/sv\/wp-json\/wp\/v2\/media?parent=13954"}],"curies":[{"name":"wp","href":"https:\/\/api.w.org\/{rel}","templated":true}]}}