{"id":13801,"date":"2024-01-05T13:28:57","date_gmt":"2024-01-05T13:28:57","guid":{"rendered":"https:\/\/ederagenhelse.no\/ny2026\/om-oss\/"},"modified":"2025-01-31T08:56:33","modified_gmt":"2025-01-31T08:56:33","slug":"om-oss","status":"publish","type":"page","link":"https:\/\/ederagenhelse.no\/ny2026\/sv\/om-oss\/","title":{"rendered":"Om oss"},"content":{"rendered":"\t\t<div data-elementor-type=\"wp-page\" data-elementor-id=\"13801\" class=\"elementor elementor-13801 elementor-464\" data-elementor-post-type=\"page\">\n\t\t\t\t<div class=\"elementor-element elementor-element-32dd90f e-flex e-con-boxed e-con e-parent\" data-id=\"32dd90f\" data-element_type=\"container\" data-e-type=\"container\" data-settings=\"{&quot;background_background&quot;:&quot;classic&quot;}\">\n\t\t\t\t\t<div class=\"e-con-inner\">\n\t\t<div class=\"elementor-element elementor-element-cc3ff86 e-con-full e-flex e-con e-child\" data-id=\"cc3ff86\" data-element_type=\"container\" data-e-type=\"container\">\n\t\t\t\t<div class=\"elementor-element elementor-element-72aecd1 elementor-widget elementor-widget-heading\" data-id=\"72aecd1\" data-element_type=\"widget\" data-e-type=\"widget\" data-widget_type=\"heading.default\">\n\t\t\t\t\t<h2 class=\"elementor-heading-title elementor-size-default\">EderaGen Health AS<\/h2>\t\t\t\t<\/div>\n\t\t\t\t<div class=\"elementor-element elementor-element-97faebd elementor-widget elementor-widget-text-editor\" data-id=\"97faebd\" data-element_type=\"widget\" data-e-type=\"widget\" data-widget_type=\"text-editor.default\">\n\t\t\t\t\t\t\t\t\t<p>EderaGen Helse AS \u00e4r ett s\u00e4ljbolag f\u00f6r kosttillskott som s\u00e4ljs via bolagets egen webbutik. Vi har ett s\u00e4rskilt fokus p\u00e5 mark\u00e4mnen som m\u00e4nniskan har anpassat sig till under hundratusentals \u00e5r och som det r\u00e5der brist p\u00e5 i dagens moderna samh\u00e4lle. Kosttillskotten ska tas i f\u00f6rebyggande syfte, som kompensation f\u00f6r f\u00f6rlorad kontakt med v\u00e5r ursprungliga naturliga milj\u00f6.  <\/p>\n\t\t\t\t\t\t\t\t<\/div>\n\t\t\t\t<div class=\"elementor-element elementor-element-a6fbce9 elementor-widget elementor-widget-image\" data-id=\"a6fbce9\" data-element_type=\"widget\" data-e-type=\"widget\" data-widget_type=\"image.default\">\n\t\t\t\t\t\t\t\t\t\t\t\t\t\t\t<img fetchpriority=\"high\" decoding=\"async\" width=\"800\" height=\"856\" src=\"https:\/\/ederagenhelse.no\/ny2026\/wp-content\/uploads\/2023\/12\/Rectangle-63-1.jpg\" class=\"attachment-large size-large wp-image-13672\" alt=\"\" srcset=\"https:\/\/ederagenhelse.no\/ny2026\/wp-content\/uploads\/2023\/12\/Rectangle-63-1.jpg 841w, https:\/\/ederagenhelse.no\/ny2026\/wp-content\/uploads\/2023\/12\/Rectangle-63-1-600x642.jpg 600w, https:\/\/ederagenhelse.no\/ny2026\/wp-content\/uploads\/2023\/12\/Rectangle-63-1-280x300.jpg 280w, https:\/\/ederagenhelse.no\/ny2026\/wp-content\/uploads\/2023\/12\/Rectangle-63-1-768x822.jpg 768w\" sizes=\"(max-width: 800px) 100vw, 800px\" \/>\t\t\t\t\t\t\t\t\t\t\t\t\t\t\t<\/div>\n\t\t\t\t<\/div>\n\t\t<div class=\"elementor-element elementor-element-084d576 e-con-full e-flex e-con e-child\" data-id=\"084d576\" data-element_type=\"container\" data-e-type=\"container\">\n\t\t\t\t<div class=\"elementor-element elementor-element-f7d28fa elementor-hidden-mobile elementor-widget elementor-widget-image\" data-id=\"f7d28fa\" data-element_type=\"widget\" data-e-type=\"widget\" data-widget_type=\"image.default\">\n\t\t\t\t\t\t\t\t\t\t\t\t\t\t\t<img decoding=\"async\" width=\"692\" height=\"639\" src=\"https:\/\/ederagenhelse.no\/ny2026\/wp-content\/uploads\/2023\/12\/image-1-1.png\" class=\"attachment-large size-large wp-image-13690\" alt=\"\" srcset=\"https:\/\/ederagenhelse.no\/ny2026\/wp-content\/uploads\/2023\/12\/image-1-1.png 692w, https:\/\/ederagenhelse.no\/ny2026\/wp-content\/uploads\/2023\/12\/image-1-1-600x554.png 600w, https:\/\/ederagenhelse.no\/ny2026\/wp-content\/uploads\/2023\/12\/image-1-1-300x277.png 300w\" sizes=\"(max-width: 692px) 100vw, 692px\" \/>\t\t\t\t\t\t\t\t\t\t\t\t\t\t\t<\/div>\n\t\t\t\t<div class=\"elementor-element elementor-element-e549657 elementor-widget elementor-widget-text-editor\" data-id=\"e549657\" data-element_type=\"widget\" data-e-type=\"widget\" data-widget_type=\"text-editor.default\">\n\t\t\t\t\t\t\t\t\tVi har 30 \u00e5rs erfarenhet av att utveckla och kommersialisera beta-1,3\/1,6-glukaner fr\u00e5n bagerij\u00e4stens cellv\u00e4gg, som har visat sig stimulera det medf\u00f6dda immunf\u00f6rsvaret. <sup>EcoGard\u00ae<\/sup> \u00e4r v\u00e5rt kosttillskott med dessa speciella betaglukaner i kapslar. I januari kommer vi att lansera ytterligare ett f\u00f6rebyggande kosttillskott under det registrerade varum\u00e4rket <sup>EderaGard\u00ae<\/sup>. Det har utvecklats av v\u00e5rt moderbolag EderaGen AS och kommer att s\u00e4ljas i tablettform. Kombinationen av jord\u00e4mnen i <sup>EderaGard\u00ae<\/sup> kan beskrivas som en jordm\u00e5n f\u00f6r det rika och vitala ekosystemet av mikrober i tarmen. EderaGen Helse AS \u00e4r ett hel\u00e4gt dotterbolag till EderaGen AS och har sitt s\u00e4te i Bergen. Bolaget \u00e4gs av professor emeritus Jan Raa och hans aff\u00e4rspartner sedan flera decennier, Knut Eirik Andersen.    \n\n \t\t\t\t\t\t\t\t<\/div>\n\t\t\t\t<\/div>\n\t\t\t\t\t<\/div>\n\t\t\t\t<\/div>\n\t\t<div class=\"elementor-element elementor-element-0ed29fc e-flex e-con-boxed e-con e-parent\" data-id=\"0ed29fc\" data-element_type=\"container\" data-e-type=\"container\" data-settings=\"{&quot;background_background&quot;:&quot;classic&quot;}\">\n\t\t\t\t\t<div class=\"e-con-inner\">\n\t\t<div class=\"elementor-element elementor-element-f0fa8a2 e-con-full e-flex e-con e-child\" data-id=\"f0fa8a2\" data-element_type=\"container\" data-e-type=\"container\">\n\t\t\t\t<div class=\"elementor-element elementor-element-ad62675 elementor-widget elementor-widget-image\" data-id=\"ad62675\" data-element_type=\"widget\" data-e-type=\"widget\" data-widget_type=\"image.default\">\n\t\t\t\t\t\t\t\t\t\t\t\t\t\t\t<img decoding=\"async\" width=\"768\" height=\"960\" src=\"https:\/\/ederagenhelse.no\/ny2026\/wp-content\/uploads\/2024\/01\/jan-raa.jpg\" class=\"attachment-large size-large wp-image-13712\" alt=\"\" srcset=\"https:\/\/ederagenhelse.no\/ny2026\/wp-content\/uploads\/2024\/01\/jan-raa.jpg 768w, https:\/\/ederagenhelse.no\/ny2026\/wp-content\/uploads\/2024\/01\/jan-raa-600x750.jpg 600w, https:\/\/ederagenhelse.no\/ny2026\/wp-content\/uploads\/2024\/01\/jan-raa-240x300.jpg 240w\" sizes=\"(max-width: 768px) 100vw, 768px\" \/>\t\t\t\t\t\t\t\t\t\t\t\t\t\t\t<\/div>\n\t\t\t\t<\/div>\n\t\t<div class=\"elementor-element elementor-element-bac75e8 e-con-full e-flex e-con e-child\" data-id=\"bac75e8\" data-element_type=\"container\" data-e-type=\"container\">\n\t\t\t\t<div class=\"elementor-element elementor-element-2c228bc elementor-widget elementor-widget-heading\" data-id=\"2c228bc\" data-element_type=\"widget\" data-e-type=\"widget\" data-widget_type=\"heading.default\">\n\t\t\t\t\t<h2 class=\"elementor-heading-title elementor-size-default\">Jan Raa<\/h2>\t\t\t\t<\/div>\n\t\t\t\t<div class=\"elementor-element elementor-element-c99fc7c elementor-widget elementor-widget-text-editor\" data-id=\"c99fc7c\" data-element_type=\"widget\" data-e-type=\"widget\" data-widget_type=\"text-editor.default\">\n\t\t\t\t\t\t\t\t\t<p>V\u00e5r styrelseordf\u00f6rande \u00e4r Dr Jan Raa. Efter sin doktorsexamen i organisk kemi vid universitetet i Utrecht har han haft en l\u00e5ng och h\u00e4ndelserik akademisk karri\u00e4r. Han var bland annat en framst\u00e5ende professor i mikrobiologi vid Troms\u00f6 universitet, d\u00e4r han utn\u00e4mndes till hedersdoktor 2006. Han har varit forskningschef vid tv\u00e5 nationella forskningsinstitut (f\u00f6r n\u00e4rvarande NIFES och NOFIMA) och \u00e4r v\u00e4lk\u00e4nd som grundare av teknikf\u00f6retag baserade p\u00e5 hans egna uppfinningar.     <\/p>\n<p>Detta inkluderar det b\u00f6rsnoterade biomedicinska f\u00f6retaget ArcticZymes ASA, d\u00e4r han var styrelseordf\u00f6rande och senare forskningschef fram till 2008. Under de senaste \u00e5ren har han varit s\u00e4rskilt engagerad i utvecklingen av kosttillskott baserade p\u00e5 n\u00e4rings\u00e4mnen fr\u00e5n jorden som det rika och vitala ekosystemet av mikrober i tarmen \u00e4r beroende av. Jan Raa \u00e4r ledamot av Norges Vitenskapsakademi och Norges Tekniske Vitenskapsakademi. 2010 uts\u00e5gs han till kommend\u00f6r av St Olavs Orden f\u00f6r forskning och utveckling inom den biomarina sektorn.  <\/p>\n\t\t\t\t\t\t\t\t<\/div>\n\t\t\t\t<\/div>\n\t\t<div class=\"elementor-element elementor-element-324a441 e-con-full e-flex e-con e-child\" data-id=\"324a441\" data-element_type=\"container\" data-e-type=\"container\">\n\t\t\t\t<div class=\"elementor-element elementor-element-f1c02c6 elementor-widget elementor-widget-heading\" data-id=\"f1c02c6\" data-element_type=\"widget\" data-e-type=\"widget\" data-widget_type=\"heading.default\">\n\t\t\t\t\t<h2 class=\"elementor-heading-title elementor-size-default\">Knut Eirik Andersen\n<\/h2>\t\t\t\t<\/div>\n\t\t\t\t<div class=\"elementor-element elementor-element-c55a380 elementor-widget elementor-widget-text-editor\" data-id=\"c55a380\" data-element_type=\"widget\" data-e-type=\"widget\" data-widget_type=\"text-editor.default\">\n\t\t\t\t\t\t\t\t\t<p>VD f\u00f6r EderaGen Helse AS \u00e4r Knut Eirik Andersen, som har bred erfarenhet fr\u00e5n utveckling, kommersialisering och ledning av nystartade FoU-baserade f\u00f6retag i Norge och utomlands. Detta g\u00e4ller s\u00e4rskilt aff\u00e4rsutveckling inom bioteknik och vattenbruk i delar av Asien, Nord- och Centralamerika. <\/p>\n<p>Han var den f\u00f6rsta VD:n f\u00f6r det biomedicinska f\u00f6retaget ArcticZymes ASA (nu b\u00f6rsnoterat) n\u00e4r beta-1,3\/1,6-glukan utvecklades och lanserades som en kommersiell produkt. Han har varit styrelseordf\u00f6randens aff\u00e4rspartner i olika projekt under flera decennier. Detta l\u00e5nga samarbete forts\u00e4tter \u00e4n idag och EderaGard\u00ae s\u00e4llar sig nu till raden av produkter som utvecklats och kommersialiserats gemensamt.  <\/p>\n\t\t\t\t\t\t\t\t<\/div>\n\t\t\t\t<\/div>\n\t\t<div class=\"elementor-element elementor-element-4cb84af e-con-full e-flex e-con e-child\" data-id=\"4cb84af\" data-element_type=\"container\" data-e-type=\"container\">\n\t\t\t\t<div class=\"elementor-element elementor-element-85b313e elementor-widget elementor-widget-image\" data-id=\"85b313e\" data-element_type=\"widget\" data-e-type=\"widget\" data-widget_type=\"image.default\">\n\t\t\t\t\t\t\t\t\t\t\t\t\t\t\t<img loading=\"lazy\" decoding=\"async\" width=\"800\" height=\"1000\" src=\"https:\/\/ederagenhelse.no\/ny2026\/wp-content\/uploads\/2024\/01\/KE-Andersen-03-819x1024.jpg\" class=\"attachment-large size-large wp-image-13714\" alt=\"\" srcset=\"https:\/\/ederagenhelse.no\/ny2026\/wp-content\/uploads\/2024\/01\/KE-Andersen-03-819x1024.jpg 819w, https:\/\/ederagenhelse.no\/ny2026\/wp-content\/uploads\/2024\/01\/KE-Andersen-03-600x750.jpg 600w, https:\/\/ederagenhelse.no\/ny2026\/wp-content\/uploads\/2024\/01\/KE-Andersen-03-240x300.jpg 240w, https:\/\/ederagenhelse.no\/ny2026\/wp-content\/uploads\/2024\/01\/KE-Andersen-03-768x960.jpg 768w, https:\/\/ederagenhelse.no\/ny2026\/wp-content\/uploads\/2024\/01\/KE-Andersen-03.jpg 1037w\" sizes=\"(max-width: 800px) 100vw, 800px\" \/>\t\t\t\t\t\t\t\t\t\t\t\t\t\t\t<\/div>\n\t\t\t\t<\/div>\n\t\t\t\t\t<\/div>\n\t\t\t\t<\/div>\n\t\t\t\t<\/div>\n\t\t","protected":false},"excerpt":{"rendered":"<p>EderaGen Health AS EderaGen Helse AS \u00e4r ett s\u00e4ljbolag f\u00f6r kosttillskott som s\u00e4ljs via bolagets egen webbutik. Vi har ett s\u00e4rskilt fokus p\u00e5 mark\u00e4mnen som m\u00e4nniskan har anpassat sig till under hundratusentals \u00e5r och som det r\u00e5der brist p\u00e5 i dagens moderna samh\u00e4lle. Kosttillskotten ska tas i f\u00f6rebyggande syfte, som kompensation f\u00f6r f\u00f6rlorad kontakt med [&hellip;]<\/p>\n","protected":false},"author":1,"featured_media":0,"parent":0,"menu_order":0,"comment_status":"closed","ping_status":"closed","template":"elementor_header_footer","meta":{"footnotes":""},"class_list":["post-13801","page","type-page","status-publish","hentry"],"yoast_head":"<!-- This site is optimized with the Yoast SEO plugin v27.4 - https:\/\/yoast.com\/product\/yoast-seo-wordpress\/ -->\n<title>Om oss - Ederagen Helse<\/title>\n<meta name=\"robots\" content=\"noindex, follow, max-snippet:-1, max-image-preview:large, max-video-preview:-1\" \/>\n<meta property=\"og:locale\" content=\"sv_SE\" \/>\n<meta property=\"og:type\" content=\"article\" \/>\n<meta property=\"og:title\" content=\"Om oss - Ederagen Helse\" \/>\n<meta property=\"og:description\" content=\"EderaGen Health AS EderaGen Helse AS \u00e4r ett s\u00e4ljbolag f\u00f6r kosttillskott som s\u00e4ljs via bolagets egen webbutik. Vi har ett s\u00e4rskilt fokus p\u00e5 mark\u00e4mnen som m\u00e4nniskan har anpassat sig till under hundratusentals \u00e5r och som det r\u00e5der brist p\u00e5 i dagens moderna samh\u00e4lle. Kosttillskotten ska tas i f\u00f6rebyggande syfte, som kompensation f\u00f6r f\u00f6rlorad kontakt med [&hellip;]\" \/>\n<meta property=\"og:url\" content=\"https:\/\/ederagenhelse.no\/ny2026\/sv\/om-oss\/\" \/>\n<meta property=\"og:site_name\" content=\"Ederagen Helse\" \/>\n<meta property=\"article:modified_time\" content=\"2025-01-31T08:56:33+00:00\" \/>\n<meta property=\"og:image\" content=\"https:\/\/ederagenhelse.no\/ny2026\/wp-content\/uploads\/2023\/12\/Rectangle-63-1.jpg\" \/>\n\t<meta property=\"og:image:width\" content=\"841\" \/>\n\t<meta property=\"og:image:height\" content=\"900\" \/>\n\t<meta property=\"og:image:type\" content=\"image\/jpeg\" \/>\n<meta name=\"twitter:card\" content=\"summary_large_image\" \/>\n<meta name=\"twitter:label1\" content=\"Ber\u00e4knad l\u00e4stid\" \/>\n\t<meta name=\"twitter:data1\" content=\"2 minuter\" \/>\n<script type=\"application\/ld+json\" class=\"yoast-schema-graph\">{\"@context\":\"https:\\\/\\\/schema.org\",\"@graph\":[{\"@type\":\"WebPage\",\"@id\":\"https:\\\/\\\/ederagenhelse.no\\\/ny2026\\\/sv\\\/om-oss\\\/\",\"url\":\"https:\\\/\\\/ederagenhelse.no\\\/ny2026\\\/sv\\\/om-oss\\\/\",\"name\":\"Om oss - Ederagen Helse\",\"isPartOf\":{\"@id\":\"https:\\\/\\\/ederagenhelse.no\\\/ny2026\\\/#website\"},\"primaryImageOfPage\":{\"@id\":\"https:\\\/\\\/ederagenhelse.no\\\/ny2026\\\/sv\\\/om-oss\\\/#primaryimage\"},\"image\":{\"@id\":\"https:\\\/\\\/ederagenhelse.no\\\/ny2026\\\/sv\\\/om-oss\\\/#primaryimage\"},\"thumbnailUrl\":\"https:\\\/\\\/ederagenhelse.no\\\/ny2026\\\/wp-content\\\/uploads\\\/2023\\\/12\\\/Rectangle-63-1.jpg\",\"datePublished\":\"2024-01-05T13:28:57+00:00\",\"dateModified\":\"2025-01-31T08:56:33+00:00\",\"breadcrumb\":{\"@id\":\"https:\\\/\\\/ederagenhelse.no\\\/ny2026\\\/sv\\\/om-oss\\\/#breadcrumb\"},\"inLanguage\":\"sv-SE\",\"potentialAction\":[{\"@type\":\"ReadAction\",\"target\":[\"https:\\\/\\\/ederagenhelse.no\\\/ny2026\\\/sv\\\/om-oss\\\/\"]}]},{\"@type\":\"ImageObject\",\"inLanguage\":\"sv-SE\",\"@id\":\"https:\\\/\\\/ederagenhelse.no\\\/ny2026\\\/sv\\\/om-oss\\\/#primaryimage\",\"url\":\"https:\\\/\\\/ederagenhelse.no\\\/ny2026\\\/wp-content\\\/uploads\\\/2023\\\/12\\\/Rectangle-63-1.jpg\",\"contentUrl\":\"https:\\\/\\\/ederagenhelse.no\\\/ny2026\\\/wp-content\\\/uploads\\\/2023\\\/12\\\/Rectangle-63-1.jpg\"},{\"@type\":\"BreadcrumbList\",\"@id\":\"https:\\\/\\\/ederagenhelse.no\\\/ny2026\\\/sv\\\/om-oss\\\/#breadcrumb\",\"itemListElement\":[{\"@type\":\"ListItem\",\"position\":1,\"name\":\"Hjem\",\"item\":\"https:\\\/\\\/ederagenhelse.no\\\/ny2026\\\/sv\\\/\"},{\"@type\":\"ListItem\",\"position\":2,\"name\":\"Om oss\"}]},{\"@type\":\"WebSite\",\"@id\":\"https:\\\/\\\/ederagenhelse.no\\\/ny2026\\\/#website\",\"url\":\"https:\\\/\\\/ederagenhelse.no\\\/ny2026\\\/\",\"name\":\"Ederagen Helse\",\"description\":\"Lidenskapelig opptatt av god helse og godt immunforsvar\",\"publisher\":{\"@id\":\"https:\\\/\\\/ederagenhelse.no\\\/ny2026\\\/#organization\"},\"potentialAction\":[{\"@type\":\"SearchAction\",\"target\":{\"@type\":\"EntryPoint\",\"urlTemplate\":\"https:\\\/\\\/ederagenhelse.no\\\/ny2026\\\/?s={search_term_string}\"},\"query-input\":{\"@type\":\"PropertyValueSpecification\",\"valueRequired\":true,\"valueName\":\"search_term_string\"}}],\"inLanguage\":\"sv-SE\"},{\"@type\":\"Organization\",\"@id\":\"https:\\\/\\\/ederagenhelse.no\\\/ny2026\\\/#organization\",\"name\":\"Ederagen Helse\",\"url\":\"https:\\\/\\\/ederagenhelse.no\\\/ny2026\\\/\",\"logo\":{\"@type\":\"ImageObject\",\"inLanguage\":\"sv-SE\",\"@id\":\"https:\\\/\\\/ederagenhelse.no\\\/ny2026\\\/#\\\/schema\\\/logo\\\/image\\\/\",\"url\":\"https:\\\/\\\/ederagenhelse.no\\\/ny2026\\\/wp-content\\\/uploads\\\/2024\\\/02\\\/logo-hvit-1.png\",\"contentUrl\":\"https:\\\/\\\/ederagenhelse.no\\\/ny2026\\\/wp-content\\\/uploads\\\/2024\\\/02\\\/logo-hvit-1.png\",\"width\":2560,\"height\":418,\"caption\":\"Ederagen Helse \"},\"image\":{\"@id\":\"https:\\\/\\\/ederagenhelse.no\\\/ny2026\\\/#\\\/schema\\\/logo\\\/image\\\/\"}}]}<\/script>\n<!-- \/ Yoast SEO plugin. -->","yoast_head_json":{"title":"Om oss - Ederagen Helse","robots":{"index":"noindex","follow":"follow","max-snippet":"max-snippet:-1","max-image-preview":"max-image-preview:large","max-video-preview":"max-video-preview:-1"},"og_locale":"sv_SE","og_type":"article","og_title":"Om oss - Ederagen Helse","og_description":"EderaGen Health AS EderaGen Helse AS \u00e4r ett s\u00e4ljbolag f\u00f6r kosttillskott som s\u00e4ljs via bolagets egen webbutik. Vi har ett s\u00e4rskilt fokus p\u00e5 mark\u00e4mnen som m\u00e4nniskan har anpassat sig till under hundratusentals \u00e5r och som det r\u00e5der brist p\u00e5 i dagens moderna samh\u00e4lle. Kosttillskotten ska tas i f\u00f6rebyggande syfte, som kompensation f\u00f6r f\u00f6rlorad kontakt med [&hellip;]","og_url":"https:\/\/ederagenhelse.no\/ny2026\/sv\/om-oss\/","og_site_name":"Ederagen Helse","article_modified_time":"2025-01-31T08:56:33+00:00","og_image":[{"width":841,"height":900,"url":"https:\/\/ederagenhelse.no\/ny2026\/wp-content\/uploads\/2023\/12\/Rectangle-63-1.jpg","type":"image\/jpeg"}],"twitter_card":"summary_large_image","twitter_misc":{"Ber\u00e4knad l\u00e4stid":"2 minuter"},"schema":{"@context":"https:\/\/schema.org","@graph":[{"@type":"WebPage","@id":"https:\/\/ederagenhelse.no\/ny2026\/sv\/om-oss\/","url":"https:\/\/ederagenhelse.no\/ny2026\/sv\/om-oss\/","name":"Om oss - Ederagen Helse","isPartOf":{"@id":"https:\/\/ederagenhelse.no\/ny2026\/#website"},"primaryImageOfPage":{"@id":"https:\/\/ederagenhelse.no\/ny2026\/sv\/om-oss\/#primaryimage"},"image":{"@id":"https:\/\/ederagenhelse.no\/ny2026\/sv\/om-oss\/#primaryimage"},"thumbnailUrl":"https:\/\/ederagenhelse.no\/ny2026\/wp-content\/uploads\/2023\/12\/Rectangle-63-1.jpg","datePublished":"2024-01-05T13:28:57+00:00","dateModified":"2025-01-31T08:56:33+00:00","breadcrumb":{"@id":"https:\/\/ederagenhelse.no\/ny2026\/sv\/om-oss\/#breadcrumb"},"inLanguage":"sv-SE","potentialAction":[{"@type":"ReadAction","target":["https:\/\/ederagenhelse.no\/ny2026\/sv\/om-oss\/"]}]},{"@type":"ImageObject","inLanguage":"sv-SE","@id":"https:\/\/ederagenhelse.no\/ny2026\/sv\/om-oss\/#primaryimage","url":"https:\/\/ederagenhelse.no\/ny2026\/wp-content\/uploads\/2023\/12\/Rectangle-63-1.jpg","contentUrl":"https:\/\/ederagenhelse.no\/ny2026\/wp-content\/uploads\/2023\/12\/Rectangle-63-1.jpg"},{"@type":"BreadcrumbList","@id":"https:\/\/ederagenhelse.no\/ny2026\/sv\/om-oss\/#breadcrumb","itemListElement":[{"@type":"ListItem","position":1,"name":"Hjem","item":"https:\/\/ederagenhelse.no\/ny2026\/sv\/"},{"@type":"ListItem","position":2,"name":"Om oss"}]},{"@type":"WebSite","@id":"https:\/\/ederagenhelse.no\/ny2026\/#website","url":"https:\/\/ederagenhelse.no\/ny2026\/","name":"Ederagen Helse","description":"Lidenskapelig opptatt av god helse og godt immunforsvar","publisher":{"@id":"https:\/\/ederagenhelse.no\/ny2026\/#organization"},"potentialAction":[{"@type":"SearchAction","target":{"@type":"EntryPoint","urlTemplate":"https:\/\/ederagenhelse.no\/ny2026\/?s={search_term_string}"},"query-input":{"@type":"PropertyValueSpecification","valueRequired":true,"valueName":"search_term_string"}}],"inLanguage":"sv-SE"},{"@type":"Organization","@id":"https:\/\/ederagenhelse.no\/ny2026\/#organization","name":"Ederagen Helse","url":"https:\/\/ederagenhelse.no\/ny2026\/","logo":{"@type":"ImageObject","inLanguage":"sv-SE","@id":"https:\/\/ederagenhelse.no\/ny2026\/#\/schema\/logo\/image\/","url":"https:\/\/ederagenhelse.no\/ny2026\/wp-content\/uploads\/2024\/02\/logo-hvit-1.png","contentUrl":"https:\/\/ederagenhelse.no\/ny2026\/wp-content\/uploads\/2024\/02\/logo-hvit-1.png","width":2560,"height":418,"caption":"Ederagen Helse "},"image":{"@id":"https:\/\/ederagenhelse.no\/ny2026\/#\/schema\/logo\/image\/"}}]}},"_links":{"self":[{"href":"https:\/\/ederagenhelse.no\/ny2026\/sv\/wp-json\/wp\/v2\/pages\/13801","targetHints":{"allow":["GET"]}}],"collection":[{"href":"https:\/\/ederagenhelse.no\/ny2026\/sv\/wp-json\/wp\/v2\/pages"}],"about":[{"href":"https:\/\/ederagenhelse.no\/ny2026\/sv\/wp-json\/wp\/v2\/types\/page"}],"author":[{"embeddable":true,"href":"https:\/\/ederagenhelse.no\/ny2026\/sv\/wp-json\/wp\/v2\/users\/1"}],"replies":[{"embeddable":true,"href":"https:\/\/ederagenhelse.no\/ny2026\/sv\/wp-json\/wp\/v2\/comments?post=13801"}],"version-history":[{"count":3,"href":"https:\/\/ederagenhelse.no\/ny2026\/sv\/wp-json\/wp\/v2\/pages\/13801\/revisions"}],"predecessor-version":[{"id":13818,"href":"https:\/\/ederagenhelse.no\/ny2026\/sv\/wp-json\/wp\/v2\/pages\/13801\/revisions\/13818"}],"wp:attachment":[{"href":"https:\/\/ederagenhelse.no\/ny2026\/sv\/wp-json\/wp\/v2\/media?parent=13801"}],"curies":[{"name":"wp","href":"https:\/\/api.w.org\/{rel}","templated":true}]}}