{"id":13791,"date":"2024-01-08T13:25:14","date_gmt":"2024-01-08T13:25:14","guid":{"rendered":"https:\/\/ederagenhelse.no\/ny2026\/kontakta-oss\/"},"modified":"2025-01-31T08:56:29","modified_gmt":"2025-01-31T08:56:29","slug":"kontakta-oss","status":"publish","type":"page","link":"https:\/\/ederagenhelse.no\/ny2026\/sv\/kontakta-oss\/","title":{"rendered":"Kontakta oss"},"content":{"rendered":"\t\t<div data-elementor-type=\"wp-page\" data-elementor-id=\"13791\" class=\"elementor elementor-13791 elementor-539\" data-elementor-post-type=\"page\">\n\t\t\t\t<div class=\"elementor-element elementor-element-7ef9784 e-flex e-con-boxed e-con e-parent\" data-id=\"7ef9784\" data-element_type=\"container\" data-e-type=\"container\" data-settings=\"{&quot;background_background&quot;:&quot;classic&quot;}\">\n\t\t\t\t\t<div class=\"e-con-inner\">\n\t\t<div class=\"elementor-element elementor-element-3e7f1ca e-con-full elementor-hidden-tablet elementor-hidden-mobile e-flex e-con e-child\" data-id=\"3e7f1ca\" data-element_type=\"container\" data-e-type=\"container\">\n\t\t\t\t<div class=\"elementor-element elementor-element-3313aae elementor-widget elementor-widget-heading\" data-id=\"3313aae\" data-element_type=\"widget\" data-e-type=\"widget\" data-widget_type=\"heading.default\">\n\t\t\t\t\t<h2 class=\"elementor-heading-title elementor-size-default\">Ta kontakt med oss<\/h2>\t\t\t\t<\/div>\n\t\t\t\t<\/div>\n\t\t<div class=\"elementor-element elementor-element-f0475ce e-con-full e-flex e-con e-child\" data-id=\"f0475ce\" data-element_type=\"container\" data-e-type=\"container\">\n\t\t\t\t<div class=\"elementor-element elementor-element-5d304a0 elementor-widget elementor-widget-text-editor\" data-id=\"5d304a0\" data-element_type=\"widget\" data-e-type=\"widget\" data-widget_type=\"text-editor.default\">\n\t\t\t\t\t\t\t\t\t<p>Innan du skickar in fr\u00e5gor via detta kontaktformul\u00e4r, v\u00e4nligen l\u00e4s igenom fliken <a href=\"https:\/\/ederagenhelse.no\/ny2026\/faq\/\">FR\u00c5GOR OCH SVAR<\/a>. D\u00e4r hittar du m\u00e5nga svar om produkterna och deras anv\u00e4ndning, om best\u00e4llning och frakt och annat. Hittar du det du s\u00f6ker kommer handl\u00e4ggningstiden att f\u00f6rkortas f\u00f6r dig som \u00e4nd\u00e5 vill kontakta oss via detta kontaktformul\u00e4r.  <\/p>\n\t\t\t\t\t\t\t\t<\/div>\n\t\t\t\t<div class=\"elementor-element elementor-element-19392e2 elementor-widget elementor-widget-wpforms\" data-id=\"19392e2\" data-element_type=\"widget\" data-e-type=\"widget\" data-widget_type=\"wpforms.default\">\n\t\t\t\t<div class=\"elementor-widget-container\">\n\t\t\t\t\t<style id=\"wpforms-css-vars-elementor-widget-19392e2\">\n\t\t\t\t.elementor-widget-wpforms.elementor-element-19392e2 {\n\t\t\t\t--wpforms-field-border-radius: 30px;\n--wpforms-field-border-color: #4A362E73;\n--wpforms-field-border-color-spare: #4A362E73;\n--wpforms-button-border-radius: 50px;\n--wpforms-button-background-color: #F4E7D2;\n--wpforms-label-color: #F4E7D2;\n\t\t\t}\n\t\t\t<\/style><div class=\"wpforms-container wpforms-container-full wpforms-render-modern\" id=\"wpforms-544\"><form id=\"wpforms-form-544\" class=\"wpforms-validate wpforms-form wpforms-ajax-form\" data-formid=\"544\" method=\"post\" enctype=\"multipart\/form-data\" action=\"\/ny2026\/sv\/wp-json\/wp\/v2\/pages\/13791\" data-token=\"5ee2930b1a78ddd45234910f7e5fe04a\" data-token-time=\"1777204572\"><noscript class=\"wpforms-error-noscript\">Aktivera JavaScript i din webbl\u00e4sare f\u00f6r att fylla i formul\u00e4ret.<\/noscript><div id=\"wpforms-error-noscript\" style=\"display: none;\">Aktivera JavaScript i din webbl\u00e4sare f\u00f6r att fylla i formul\u00e4ret.<\/div><div class=\"wpforms-field-container\"><div id=\"wpforms-544-field_3-container\" class=\"wpforms-field wpforms-field-payment-select wpforms-field-select-style-modern\" data-field-id=\"3\"><label class=\"wpforms-field-label\" for=\"wpforms-544-field_3\">Hva gjelder din henvendelse?<\/label><select id=\"wpforms-544-field_3\" class=\"wpforms-payment-price wpforms-field-large choicesjs-select\" data-size-class=\"wpforms-field-row wpforms-field-large\" data-search-enabled=\"\" name=\"wpforms[fields][3]\"><option value=\"\" class=\"placeholder\" disabled  selected='selected'><\/option><option value=\"1\" data-amount=\"10.00\" data-custom-properties=\"10.00\" >Allm\u00e4n f\u00f6rfr\u00e5gan<\/option><option value=\"2\" data-amount=\"25.00\" data-custom-properties=\"25.00\" >Fr\u00e5gor om v\u00e5ra produkter <\/option><\/select><\/div><div id=\"wpforms-544-field_0-container\" class=\"wpforms-field wpforms-field-name\" data-field-id=\"0\"><fieldset><legend class=\"wpforms-field-label\">Namn <span class=\"wpforms-required-label\" aria-hidden=\"true\">*<\/span><\/legend><div class=\"wpforms-field-row wpforms-field-large\"><div class=\"wpforms-field-row-block wpforms-first wpforms-one-half\"><input type=\"text\" id=\"wpforms-544-field_0\" class=\"wpforms-field-name-first wpforms-field-required\" name=\"wpforms[fields][0][first]\" placeholder=\"F\u00f6rnamn\" aria-errormessage=\"wpforms-544-field_0-error\" required><label for=\"wpforms-544-field_0\" class=\"wpforms-field-sublabel after wpforms-sublabel-hide\">\u00c5sen<\/label><\/div><div class=\"wpforms-field-row-block wpforms-one-half\"><input type=\"text\" id=\"wpforms-544-field_0-last\" class=\"wpforms-field-name-last wpforms-field-required\" name=\"wpforms[fields][0][last]\" placeholder=\"Efternamn\" aria-errormessage=\"wpforms-544-field_0-last-error\" required><label for=\"wpforms-544-field_0-last\" class=\"wpforms-field-sublabel after wpforms-sublabel-hide\">Last<\/label><\/div><\/div><\/fieldset><\/div><div id=\"wpforms-544-field_1-container\" class=\"wpforms-field wpforms-field-email\" data-field-id=\"1\"><label class=\"wpforms-field-label\" for=\"wpforms-544-field_1\">E-postadress <span class=\"wpforms-required-label\" aria-hidden=\"true\">*<\/span><\/label><input type=\"email\" id=\"wpforms-544-field_1\" class=\"wpforms-field-large wpforms-field-required\" name=\"wpforms[fields][1]\" spellcheck=\"false\" aria-errormessage=\"wpforms-544-field_1-error\" required><\/div><div id=\"wpforms-544-field_2-container\" class=\"wpforms-field wpforms-field-textarea\" data-field-id=\"2\"><label class=\"wpforms-field-label\" for=\"wpforms-544-field_2\">Anm\u00e4lan<\/label><textarea id=\"wpforms-544-field_2\" class=\"wpforms-field-medium\" name=\"wpforms[fields][2]\" aria-errormessage=\"wpforms-544-field_2-error\" ><\/textarea><\/div><div id=\"wpforms-544-field_4-container\" class=\"wpforms-field wpforms-field-content\" data-field-id=\"4\"><div id=\"wpforms-544-field_4\" class=\"wpforms-field-medium wpforms-field-row\" aria-errormessage=\"wpforms-544-field_4-error\"><p><span style=\"font-size:14px\">* = p\u00e5krevd felt<\/span><\/p>\n<div class=\"wpforms-field-content-display-frontend-clear\"><\/div><\/div><\/div><\/div><!-- .wpforms-field-container --><div class=\"wpforms-submit-container\" ><input type=\"hidden\" name=\"wpforms[id]\" value=\"544\"><input type=\"hidden\" name=\"page_title\" value=\"\"><input type=\"hidden\" name=\"page_url\" value=\"https:\/\/ederagenhelse.no\/ny2026\/sv\/wp-json\/wp\/v2\/pages\/13791\"><input type=\"hidden\" name=\"url_referer\" value=\"\"><button type=\"submit\" name=\"wpforms[submit]\" id=\"wpforms-submit-544\" class=\"wpforms-submit\" data-alt-text=\"S\u00e4ndaren...\" data-submit-text=\"Skicka\" aria-live=\"assertive\" value=\"wpforms-submit\">Skicka<\/button><img decoding=\"async\" src=\"https:\/\/ederagenhelse.no\/ny2026\/wp-content\/plugins\/wpforms\/assets\/images\/submit-spin.svg\" class=\"wpforms-submit-spinner\" style=\"display: none;\" width=\"26\" height=\"26\" alt=\"Laddar\"><\/div><\/form><\/div>  <!-- .wpforms-container -->\t\t\t\t<\/div>\n\t\t\t\t<\/div>\n\t\t\t\t<\/div>\n\t\t<div class=\"elementor-element elementor-element-6321ba6 e-con-full e-flex e-con e-child\" data-id=\"6321ba6\" data-element_type=\"container\" data-e-type=\"container\" data-settings=\"{&quot;background_background&quot;:&quot;classic&quot;}\">\n\t\t\t\t<div class=\"elementor-element elementor-element-aa6d9c6 elementor-widget elementor-widget-text-editor\" data-id=\"aa6d9c6\" data-element_type=\"widget\" data-e-type=\"widget\" data-widget_type=\"text-editor.default\">\n\t\t\t\t\t\t\t\t\t<p>E-post: <a href=\"mailto:mail@ederagenhelse.no\">mail@ederagenhelse.no<\/a><\/p>\n<p>E<strong>deraGen Helse AS<\/strong> Bergen Nord Helsesenter Litle\u00e5svegen 13 5132 Nyborg &#8211; Bergen<\/p>\n<p>Organisationsnummer: 925 881 945 MOMS<\/p>\n<p><a href=\"https:\/\/ederagenhelse.no\/ny2026\/kjopsbetingelser\/\">Villkor och anvisningar f\u00f6r k\u00f6p<\/a><\/p>\n\t\t\t\t\t\t\t\t<\/div>\n\t\t\t\t<div class=\"elementor-element elementor-element-8f1e9dd elementor-shape-circle e-grid-align-left elementor-grid-0 elementor-widget elementor-widget-social-icons\" data-id=\"8f1e9dd\" data-element_type=\"widget\" data-e-type=\"widget\" data-widget_type=\"social-icons.default\">\n\t\t\t\t\t\t\t<div class=\"elementor-social-icons-wrapper elementor-grid\" role=\"list\">\n\t\t\t\t\t\t\t<span class=\"elementor-grid-item\" role=\"listitem\">\n\t\t\t\t\t<a class=\"elementor-icon elementor-social-icon elementor-social-icon-facebook elementor-repeater-item-00de8fd\" target=\"_blank\">\n\t\t\t\t\t\t<span class=\"elementor-screen-only\">Facebook<\/span>\n\t\t\t\t\t\t<i aria-hidden=\"true\" class=\"fab fa-facebook\"><\/i>\t\t\t\t\t<\/a>\n\t\t\t\t<\/span>\n\t\t\t\t\t\t\t<span class=\"elementor-grid-item\" role=\"listitem\">\n\t\t\t\t\t<a class=\"elementor-icon elementor-social-icon elementor-social-icon-twitter elementor-repeater-item-34e9197\" target=\"_blank\">\n\t\t\t\t\t\t<span class=\"elementor-screen-only\">Twitter<\/span>\n\t\t\t\t\t\t<i aria-hidden=\"true\" class=\"fab fa-twitter\"><\/i>\t\t\t\t\t<\/a>\n\t\t\t\t<\/span>\n\t\t\t\t\t\t\t<span class=\"elementor-grid-item\" role=\"listitem\">\n\t\t\t\t\t<a class=\"elementor-icon elementor-social-icon elementor-social-icon-instagram elementor-repeater-item-2bb8123\" target=\"_blank\">\n\t\t\t\t\t\t<span class=\"elementor-screen-only\">Instagram<\/span>\n\t\t\t\t\t\t<i aria-hidden=\"true\" class=\"fab fa-instagram\"><\/i>\t\t\t\t\t<\/a>\n\t\t\t\t<\/span>\n\t\t\t\t\t<\/div>\n\t\t\t\t\t\t<\/div>\n\t\t\t\t<\/div>\n\t\t\t\t\t<\/div>\n\t\t\t\t<\/div>\n\t\t\t\t<\/div>\n\t\t","protected":false},"excerpt":{"rendered":"<p>Ta kontakt med oss Innan du skickar in fr\u00e5gor via detta kontaktformul\u00e4r, v\u00e4nligen l\u00e4s igenom fliken FR\u00c5GOR OCH SVAR. D\u00e4r hittar du m\u00e5nga svar om produkterna och deras anv\u00e4ndning, om best\u00e4llning och frakt och annat. Hittar du det du s\u00f6ker kommer handl\u00e4ggningstiden att f\u00f6rkortas f\u00f6r dig som \u00e4nd\u00e5 vill kontakta oss via detta kontaktformul\u00e4r. Please [&hellip;]<\/p>\n","protected":false},"author":1,"featured_media":0,"parent":0,"menu_order":0,"comment_status":"closed","ping_status":"closed","template":"elementor_header_footer","meta":{"footnotes":""},"class_list":["post-13791","page","type-page","status-publish","hentry"],"yoast_head":"<!-- This site is optimized with the Yoast SEO plugin v27.4 - https:\/\/yoast.com\/product\/yoast-seo-wordpress\/ -->\n<title>Kontakta oss - Ederagen Helse<\/title>\n<meta name=\"robots\" content=\"noindex, follow, max-snippet:-1, max-image-preview:large, max-video-preview:-1\" \/>\n<meta property=\"og:locale\" content=\"sv_SE\" \/>\n<meta property=\"og:type\" content=\"article\" \/>\n<meta property=\"og:title\" content=\"Kontakta oss - Ederagen Helse\" \/>\n<meta property=\"og:description\" content=\"Ta kontakt med oss Innan du skickar in fr\u00e5gor via detta kontaktformul\u00e4r, v\u00e4nligen l\u00e4s igenom fliken FR\u00c5GOR OCH SVAR. D\u00e4r hittar du m\u00e5nga svar om produkterna och deras anv\u00e4ndning, om best\u00e4llning och frakt och annat. Hittar du det du s\u00f6ker kommer handl\u00e4ggningstiden att f\u00f6rkortas f\u00f6r dig som \u00e4nd\u00e5 vill kontakta oss via detta kontaktformul\u00e4r. Please [&hellip;]\" \/>\n<meta property=\"og:url\" content=\"https:\/\/ederagenhelse.no\/ny2026\/sv\/kontakta-oss\/\" \/>\n<meta property=\"og:site_name\" content=\"Ederagen Helse\" \/>\n<meta property=\"article:modified_time\" content=\"2025-01-31T08:56:29+00:00\" \/>\n<meta property=\"og:image\" content=\"https:\/\/ederagenhelse.no\/ny2026\/wp-content\/plugins\/wpforms\/assets\/images\/submit-spin.svg\" \/>\n<meta name=\"twitter:card\" content=\"summary_large_image\" \/>\n<meta name=\"twitter:label1\" content=\"Ber\u00e4knad l\u00e4stid\" \/>\n\t<meta name=\"twitter:data1\" content=\"1 minut\" \/>\n<script type=\"application\/ld+json\" class=\"yoast-schema-graph\">{\"@context\":\"https:\\\/\\\/schema.org\",\"@graph\":[{\"@type\":\"WebPage\",\"@id\":\"https:\\\/\\\/ederagenhelse.no\\\/ny2026\\\/sv\\\/kontakta-oss\\\/\",\"url\":\"https:\\\/\\\/ederagenhelse.no\\\/ny2026\\\/sv\\\/kontakta-oss\\\/\",\"name\":\"Kontakta oss - Ederagen Helse\",\"isPartOf\":{\"@id\":\"https:\\\/\\\/ederagenhelse.no\\\/ny2026\\\/#website\"},\"primaryImageOfPage\":{\"@id\":\"https:\\\/\\\/ederagenhelse.no\\\/ny2026\\\/sv\\\/kontakta-oss\\\/#primaryimage\"},\"image\":{\"@id\":\"https:\\\/\\\/ederagenhelse.no\\\/ny2026\\\/sv\\\/kontakta-oss\\\/#primaryimage\"},\"thumbnailUrl\":\"https:\\\/\\\/ederagenhelse.no\\\/ny2026\\\/wp-content\\\/plugins\\\/wpforms\\\/assets\\\/images\\\/submit-spin.svg\",\"datePublished\":\"2024-01-08T13:25:14+00:00\",\"dateModified\":\"2025-01-31T08:56:29+00:00\",\"breadcrumb\":{\"@id\":\"https:\\\/\\\/ederagenhelse.no\\\/ny2026\\\/sv\\\/kontakta-oss\\\/#breadcrumb\"},\"inLanguage\":\"sv-SE\",\"potentialAction\":[{\"@type\":\"ReadAction\",\"target\":[\"https:\\\/\\\/ederagenhelse.no\\\/ny2026\\\/sv\\\/kontakta-oss\\\/\"]}]},{\"@type\":\"ImageObject\",\"inLanguage\":\"sv-SE\",\"@id\":\"https:\\\/\\\/ederagenhelse.no\\\/ny2026\\\/sv\\\/kontakta-oss\\\/#primaryimage\",\"url\":\"https:\\\/\\\/ederagenhelse.no\\\/ny2026\\\/wp-content\\\/plugins\\\/wpforms\\\/assets\\\/images\\\/submit-spin.svg\",\"contentUrl\":\"https:\\\/\\\/ederagenhelse.no\\\/ny2026\\\/wp-content\\\/plugins\\\/wpforms\\\/assets\\\/images\\\/submit-spin.svg\"},{\"@type\":\"BreadcrumbList\",\"@id\":\"https:\\\/\\\/ederagenhelse.no\\\/ny2026\\\/sv\\\/kontakta-oss\\\/#breadcrumb\",\"itemListElement\":[{\"@type\":\"ListItem\",\"position\":1,\"name\":\"Hjem\",\"item\":\"https:\\\/\\\/ederagenhelse.no\\\/ny2026\\\/sv\\\/\"},{\"@type\":\"ListItem\",\"position\":2,\"name\":\"Kontakta oss\"}]},{\"@type\":\"WebSite\",\"@id\":\"https:\\\/\\\/ederagenhelse.no\\\/ny2026\\\/#website\",\"url\":\"https:\\\/\\\/ederagenhelse.no\\\/ny2026\\\/\",\"name\":\"Ederagen Helse\",\"description\":\"Lidenskapelig opptatt av god helse og godt immunforsvar\",\"publisher\":{\"@id\":\"https:\\\/\\\/ederagenhelse.no\\\/ny2026\\\/#organization\"},\"potentialAction\":[{\"@type\":\"SearchAction\",\"target\":{\"@type\":\"EntryPoint\",\"urlTemplate\":\"https:\\\/\\\/ederagenhelse.no\\\/ny2026\\\/?s={search_term_string}\"},\"query-input\":{\"@type\":\"PropertyValueSpecification\",\"valueRequired\":true,\"valueName\":\"search_term_string\"}}],\"inLanguage\":\"sv-SE\"},{\"@type\":\"Organization\",\"@id\":\"https:\\\/\\\/ederagenhelse.no\\\/ny2026\\\/#organization\",\"name\":\"Ederagen Helse\",\"url\":\"https:\\\/\\\/ederagenhelse.no\\\/ny2026\\\/\",\"logo\":{\"@type\":\"ImageObject\",\"inLanguage\":\"sv-SE\",\"@id\":\"https:\\\/\\\/ederagenhelse.no\\\/ny2026\\\/#\\\/schema\\\/logo\\\/image\\\/\",\"url\":\"https:\\\/\\\/ederagenhelse.no\\\/ny2026\\\/wp-content\\\/uploads\\\/2024\\\/02\\\/logo-hvit-1.png\",\"contentUrl\":\"https:\\\/\\\/ederagenhelse.no\\\/ny2026\\\/wp-content\\\/uploads\\\/2024\\\/02\\\/logo-hvit-1.png\",\"width\":2560,\"height\":418,\"caption\":\"Ederagen Helse \"},\"image\":{\"@id\":\"https:\\\/\\\/ederagenhelse.no\\\/ny2026\\\/#\\\/schema\\\/logo\\\/image\\\/\"}}]}<\/script>\n<!-- \/ Yoast SEO plugin. -->","yoast_head_json":{"title":"Kontakta oss - Ederagen Helse","robots":{"index":"noindex","follow":"follow","max-snippet":"max-snippet:-1","max-image-preview":"max-image-preview:large","max-video-preview":"max-video-preview:-1"},"og_locale":"sv_SE","og_type":"article","og_title":"Kontakta oss - Ederagen Helse","og_description":"Ta kontakt med oss Innan du skickar in fr\u00e5gor via detta kontaktformul\u00e4r, v\u00e4nligen l\u00e4s igenom fliken FR\u00c5GOR OCH SVAR. D\u00e4r hittar du m\u00e5nga svar om produkterna och deras anv\u00e4ndning, om best\u00e4llning och frakt och annat. Hittar du det du s\u00f6ker kommer handl\u00e4ggningstiden att f\u00f6rkortas f\u00f6r dig som \u00e4nd\u00e5 vill kontakta oss via detta kontaktformul\u00e4r. Please [&hellip;]","og_url":"https:\/\/ederagenhelse.no\/ny2026\/sv\/kontakta-oss\/","og_site_name":"Ederagen Helse","article_modified_time":"2025-01-31T08:56:29+00:00","og_image":[{"url":"https:\/\/ederagenhelse.no\/ny2026\/wp-content\/plugins\/wpforms\/assets\/images\/submit-spin.svg","type":"","width":"","height":""}],"twitter_card":"summary_large_image","twitter_misc":{"Ber\u00e4knad l\u00e4stid":"1 minut"},"schema":{"@context":"https:\/\/schema.org","@graph":[{"@type":"WebPage","@id":"https:\/\/ederagenhelse.no\/ny2026\/sv\/kontakta-oss\/","url":"https:\/\/ederagenhelse.no\/ny2026\/sv\/kontakta-oss\/","name":"Kontakta oss - Ederagen Helse","isPartOf":{"@id":"https:\/\/ederagenhelse.no\/ny2026\/#website"},"primaryImageOfPage":{"@id":"https:\/\/ederagenhelse.no\/ny2026\/sv\/kontakta-oss\/#primaryimage"},"image":{"@id":"https:\/\/ederagenhelse.no\/ny2026\/sv\/kontakta-oss\/#primaryimage"},"thumbnailUrl":"https:\/\/ederagenhelse.no\/ny2026\/wp-content\/plugins\/wpforms\/assets\/images\/submit-spin.svg","datePublished":"2024-01-08T13:25:14+00:00","dateModified":"2025-01-31T08:56:29+00:00","breadcrumb":{"@id":"https:\/\/ederagenhelse.no\/ny2026\/sv\/kontakta-oss\/#breadcrumb"},"inLanguage":"sv-SE","potentialAction":[{"@type":"ReadAction","target":["https:\/\/ederagenhelse.no\/ny2026\/sv\/kontakta-oss\/"]}]},{"@type":"ImageObject","inLanguage":"sv-SE","@id":"https:\/\/ederagenhelse.no\/ny2026\/sv\/kontakta-oss\/#primaryimage","url":"https:\/\/ederagenhelse.no\/ny2026\/wp-content\/plugins\/wpforms\/assets\/images\/submit-spin.svg","contentUrl":"https:\/\/ederagenhelse.no\/ny2026\/wp-content\/plugins\/wpforms\/assets\/images\/submit-spin.svg"},{"@type":"BreadcrumbList","@id":"https:\/\/ederagenhelse.no\/ny2026\/sv\/kontakta-oss\/#breadcrumb","itemListElement":[{"@type":"ListItem","position":1,"name":"Hjem","item":"https:\/\/ederagenhelse.no\/ny2026\/sv\/"},{"@type":"ListItem","position":2,"name":"Kontakta oss"}]},{"@type":"WebSite","@id":"https:\/\/ederagenhelse.no\/ny2026\/#website","url":"https:\/\/ederagenhelse.no\/ny2026\/","name":"Ederagen Helse","description":"Lidenskapelig opptatt av god helse og godt immunforsvar","publisher":{"@id":"https:\/\/ederagenhelse.no\/ny2026\/#organization"},"potentialAction":[{"@type":"SearchAction","target":{"@type":"EntryPoint","urlTemplate":"https:\/\/ederagenhelse.no\/ny2026\/?s={search_term_string}"},"query-input":{"@type":"PropertyValueSpecification","valueRequired":true,"valueName":"search_term_string"}}],"inLanguage":"sv-SE"},{"@type":"Organization","@id":"https:\/\/ederagenhelse.no\/ny2026\/#organization","name":"Ederagen Helse","url":"https:\/\/ederagenhelse.no\/ny2026\/","logo":{"@type":"ImageObject","inLanguage":"sv-SE","@id":"https:\/\/ederagenhelse.no\/ny2026\/#\/schema\/logo\/image\/","url":"https:\/\/ederagenhelse.no\/ny2026\/wp-content\/uploads\/2024\/02\/logo-hvit-1.png","contentUrl":"https:\/\/ederagenhelse.no\/ny2026\/wp-content\/uploads\/2024\/02\/logo-hvit-1.png","width":2560,"height":418,"caption":"Ederagen Helse "},"image":{"@id":"https:\/\/ederagenhelse.no\/ny2026\/#\/schema\/logo\/image\/"}}]}},"_links":{"self":[{"href":"https:\/\/ederagenhelse.no\/ny2026\/sv\/wp-json\/wp\/v2\/pages\/13791","targetHints":{"allow":["GET"]}}],"collection":[{"href":"https:\/\/ederagenhelse.no\/ny2026\/sv\/wp-json\/wp\/v2\/pages"}],"about":[{"href":"https:\/\/ederagenhelse.no\/ny2026\/sv\/wp-json\/wp\/v2\/types\/page"}],"author":[{"embeddable":true,"href":"https:\/\/ederagenhelse.no\/ny2026\/sv\/wp-json\/wp\/v2\/users\/1"}],"replies":[{"embeddable":true,"href":"https:\/\/ederagenhelse.no\/ny2026\/sv\/wp-json\/wp\/v2\/comments?post=13791"}],"version-history":[{"count":3,"href":"https:\/\/ederagenhelse.no\/ny2026\/sv\/wp-json\/wp\/v2\/pages\/13791\/revisions"}],"predecessor-version":[{"id":13815,"href":"https:\/\/ederagenhelse.no\/ny2026\/sv\/wp-json\/wp\/v2\/pages\/13791\/revisions\/13815"}],"wp:attachment":[{"href":"https:\/\/ederagenhelse.no\/ny2026\/sv\/wp-json\/wp\/v2\/media?parent=13791"}],"curies":[{"name":"wp","href":"https:\/\/api.w.org\/{rel}","templated":true}]}}