{"id":13584,"date":"2024-01-11T10:17:31","date_gmt":"2024-01-11T10:17:31","guid":{"rendered":"https:\/\/ederagenhelse.no\/ny2026\/mitt-konto\/"},"modified":"2025-11-19T21:08:55","modified_gmt":"2025-11-19T21:08:55","slug":"mitt-konto","status":"publish","type":"page","link":"https:\/\/ederagenhelse.no\/ny2026\/sv\/mitt-konto\/","title":{"rendered":"Min profil"},"content":{"rendered":"\t\t<div data-elementor-type=\"wp-page\" data-elementor-id=\"13584\" class=\"elementor elementor-13584 elementor-887\" data-elementor-post-type=\"page\">\n\t\t\t\t<div class=\"elementor-element elementor-element-7d04545 e-flex e-con-boxed e-con e-parent\" data-id=\"7d04545\" data-element_type=\"container\" data-e-type=\"container\">\n\t\t\t\t\t<div class=\"e-con-inner\">\n\t\t\t\t<div class=\"elementor-element elementor-element-72df474 elementor-widget elementor-widget-heading\" data-id=\"72df474\" data-element_type=\"widget\" data-e-type=\"widget\" data-widget_type=\"heading.default\">\n\t\t\t\t\t<h2 class=\"elementor-heading-title elementor-size-default\">Min profil<\/h2>\t\t\t\t<\/div>\n\t\t\t\t<div class=\"elementor-element elementor-element-7270d94 e-my-account-tabs-vertical elementor-widget elementor-widget-woocommerce-my-account\" data-id=\"7270d94\" data-element_type=\"widget\" data-e-type=\"widget\" data-widget_type=\"woocommerce-my-account.default\">\n\t\t\t\t\t<div class=\"e-my-account-tab e-my-account-tab__ \">\t\t\t<div class=\"woocommerce\"><div class=\"woocommerce-notices-wrapper\"><\/div>\n\n<div class=\"u-columns col2-set\" id=\"customer_login\">\n\n\t<div class=\"u-column1 col-1\">\n\n\n\t\t<h2>Logga in<\/h2>\n\n\t\t<form class=\"woocommerce-form woocommerce-form-login login\" method=\"post\" novalidate>\n\n\t\t\t\n\t\t\t<p class=\"woocommerce-form-row woocommerce-form-row--wide form-row form-row-wide\">\n\t\t\t\t<label for=\"username\">Anv\u00e4ndarnamn eller e-postadress&nbsp;<span class=\"required\" aria-hidden=\"true\">*<\/span><span class=\"screen-reader-text\">Obligatoriskt<\/span><\/label>\n\t\t\t\t<input type=\"text\" class=\"woocommerce-Input woocommerce-Input--text input-text\" name=\"username\" id=\"username\" autocomplete=\"username\" value=\"\" required aria-required=\"true\" \/>\t\t\t<\/p>\n\t\t\t<p class=\"woocommerce-form-row woocommerce-form-row--wide form-row form-row-wide\">\n\t\t\t\t<label for=\"password\">L\u00f6senord&nbsp;<span class=\"required\" aria-hidden=\"true\">*<\/span><span class=\"screen-reader-text\">Obligatoriskt<\/span><\/label>\n\t\t\t\t<input class=\"woocommerce-Input woocommerce-Input--text input-text\" type=\"password\" name=\"password\" id=\"password\" autocomplete=\"current-password\" required aria-required=\"true\" \/>\n\t\t\t<\/p>\n\n\t\t\t\n\t\t\t<p class=\"form-row\">\n\t\t\t\t<label class=\"woocommerce-form__label woocommerce-form__label-for-checkbox woocommerce-form-login__rememberme\">\n\t\t\t\t\t<input class=\"woocommerce-form__input woocommerce-form__input-checkbox\" name=\"rememberme\" type=\"checkbox\" id=\"rememberme\" value=\"forever\" \/> <span>Kom ih\u00e5g mig<\/span>\n\t\t\t\t<\/label>\n\t\t\t\t<input type=\"hidden\" id=\"woocommerce-login-nonce\" name=\"woocommerce-login-nonce\" value=\"ec13071971\" \/><input type=\"hidden\" name=\"_wp_http_referer\" value=\"\/ny2026\/sv\/wp-json\/wp\/v2\/pages\/13584\" \/>\t\t\t\t<button type=\"submit\" class=\"woocommerce-button button woocommerce-form-login__submit\" name=\"login\" value=\"Logga in\">Logga in<\/button>\n\t\t\t<\/p>\n\t\t\t<p class=\"woocommerce-LostPassword lost_password\">\n\t\t\t\t<a href=\"https:\/\/ederagenhelse.no\/ny2026\/sv\/mitt-konto\/lost-password\/\">Gl\u00f6mt ditt l\u00f6senord?<\/a>\n\t\t\t<\/p>\n\n\t\t\t\n\t\t<\/form>\n\n\n\t<\/div>\n\n\t<div class=\"u-column2 col-2\">\n\n\t\t<h2>Registrera<\/h2>\n\n\t\t<form method=\"post\" class=\"woocommerce-form woocommerce-form-register register\"  >\n\n\t\t\t\n\t\t\t\n\t\t\t<p class=\"woocommerce-form-row woocommerce-form-row--wide form-row form-row-wide\">\n\t\t\t\t<label for=\"reg_email\">E-postadress&nbsp;<span class=\"required\" aria-hidden=\"true\">*<\/span><span class=\"screen-reader-text\">Obligatoriskt<\/span><\/label>\n\t\t\t\t<input type=\"email\" class=\"woocommerce-Input woocommerce-Input--text input-text\" name=\"email\" id=\"reg_email\" autocomplete=\"email\" value=\"\" required aria-required=\"true\" \/>\t\t\t<\/p>\n\n\t\t\t\n\t\t\t\t<p>En l\u00e4nk f\u00f6r att st\u00e4lla in ett nytt l\u00f6senord kommer att skickas till din e-postadress.<\/p>\n\n\t\t\t\n\t\t\t<wc-order-attribution-inputs><\/wc-order-attribution-inputs><div class=\"woocommerce-privacy-policy-text\"><p>Your personal data will be used to support your experience throughout this website, to manage access to your account, and for other purposes described in our <a href=\"https:\/\/ederagenhelse.no\/ny2026\/personvern\/\" class=\"woocommerce-privacy-policy-link\" target=\"_blank\">integritetspolicy<\/a>.<\/p>\n<\/div>\n\t\t\t<p class=\"woocommerce-form-row form-row\">\n\t\t\t\t<input type=\"hidden\" id=\"woocommerce-register-nonce\" name=\"woocommerce-register-nonce\" value=\"35d7d7b12a\" \/><input type=\"hidden\" name=\"_wp_http_referer\" value=\"\/ny2026\/sv\/wp-json\/wp\/v2\/pages\/13584\" \/>\t\t\t\t<button type=\"submit\" class=\"woocommerce-Button woocommerce-button button woocommerce-form-register__submit\" name=\"register\" value=\"Registrera\">Registrera<\/button>\n\t\t\t<\/p>\n\n\t\t\t\n\t\t<\/form>\n\n\t<\/div>\n\n<\/div>\n\n<\/div>\t\t<\/div>\n\t\t\t\t\t\t<\/div>\n\t\t\t\t\t<\/div>\n\t\t\t\t<\/div>\n\t\t\t\t<\/div>\n\t\t","protected":false},"excerpt":{"rendered":"<p>Min profil Huvudsida Best\u00e4llning Adress Kontouppgifter Refer a Friend Logga ut Hello EderaGen AS (not EderaGen AS? Log out) From your account dashboard you can view your recent orders, manage your shipping and billing addresses, and edit your password and account details.<\/p>\n","protected":false},"author":1,"featured_media":0,"parent":0,"menu_order":0,"comment_status":"closed","ping_status":"closed","template":"elementor_header_footer","meta":{"footnotes":""},"class_list":["post-13584","page","type-page","status-publish","hentry"],"yoast_head":"<!-- This site is optimized with the Yoast SEO plugin v27.4 - https:\/\/yoast.com\/product\/yoast-seo-wordpress\/ -->\n<title>Min profil - Ederagen Helse<\/title>\n<meta name=\"robots\" content=\"noindex, follow, max-snippet:-1, max-image-preview:large, max-video-preview:-1\" \/>\n<meta property=\"og:locale\" content=\"sv_SE\" \/>\n<meta property=\"og:type\" content=\"article\" \/>\n<meta property=\"og:title\" content=\"Min profil - Ederagen Helse\" \/>\n<meta property=\"og:description\" content=\"Min profil Huvudsida Best\u00e4llning Adress Kontouppgifter Refer a Friend Logga ut Hello EderaGen AS (not EderaGen AS? Log out) From your account dashboard you can view your recent orders, manage your shipping and billing addresses, and edit your password and account details.\" \/>\n<meta property=\"og:url\" content=\"https:\/\/ederagenhelse.no\/ny2026\/min-profil\/\" \/>\n<meta property=\"og:site_name\" content=\"Ederagen Helse\" \/>\n<meta property=\"article:modified_time\" content=\"2025-11-19T21:08:55+00:00\" \/>\n<meta name=\"twitter:card\" content=\"summary_large_image\" \/>\n<script type=\"application\/ld+json\" class=\"yoast-schema-graph\">{\"@context\":\"https:\\\/\\\/schema.org\",\"@graph\":[{\"@type\":\"WebPage\",\"@id\":\"https:\\\/\\\/ederagenhelse.no\\\/ny2026\\\/min-profil\\\/\",\"url\":\"https:\\\/\\\/ederagenhelse.no\\\/ny2026\\\/min-profil\\\/\",\"name\":\"Min profil - Ederagen Helse\",\"isPartOf\":{\"@id\":\"https:\\\/\\\/ederagenhelse.no\\\/ny2026\\\/#website\"},\"datePublished\":\"2024-01-11T10:17:31+00:00\",\"dateModified\":\"2025-11-19T21:08:55+00:00\",\"breadcrumb\":{\"@id\":\"https:\\\/\\\/ederagenhelse.no\\\/ny2026\\\/min-profil\\\/#breadcrumb\"},\"inLanguage\":\"sv-SE\",\"potentialAction\":[{\"@type\":\"ReadAction\",\"target\":[\"https:\\\/\\\/ederagenhelse.no\\\/ny2026\\\/min-profil\\\/\"]}]},{\"@type\":\"BreadcrumbList\",\"@id\":\"https:\\\/\\\/ederagenhelse.no\\\/ny2026\\\/min-profil\\\/#breadcrumb\",\"itemListElement\":[{\"@type\":\"ListItem\",\"position\":1,\"name\":\"Hjem\",\"item\":\"https:\\\/\\\/ederagenhelse.no\\\/ny2026\\\/sv\\\/\"},{\"@type\":\"ListItem\",\"position\":2,\"name\":\"Min profil\"}]},{\"@type\":\"WebSite\",\"@id\":\"https:\\\/\\\/ederagenhelse.no\\\/ny2026\\\/#website\",\"url\":\"https:\\\/\\\/ederagenhelse.no\\\/ny2026\\\/\",\"name\":\"Ederagen Helse\",\"description\":\"Lidenskapelig opptatt av god helse og godt immunforsvar\",\"publisher\":{\"@id\":\"https:\\\/\\\/ederagenhelse.no\\\/ny2026\\\/#organization\"},\"potentialAction\":[{\"@type\":\"SearchAction\",\"target\":{\"@type\":\"EntryPoint\",\"urlTemplate\":\"https:\\\/\\\/ederagenhelse.no\\\/ny2026\\\/?s={search_term_string}\"},\"query-input\":{\"@type\":\"PropertyValueSpecification\",\"valueRequired\":true,\"valueName\":\"search_term_string\"}}],\"inLanguage\":\"sv-SE\"},{\"@type\":\"Organization\",\"@id\":\"https:\\\/\\\/ederagenhelse.no\\\/ny2026\\\/#organization\",\"name\":\"Ederagen Helse\",\"url\":\"https:\\\/\\\/ederagenhelse.no\\\/ny2026\\\/\",\"logo\":{\"@type\":\"ImageObject\",\"inLanguage\":\"sv-SE\",\"@id\":\"https:\\\/\\\/ederagenhelse.no\\\/ny2026\\\/#\\\/schema\\\/logo\\\/image\\\/\",\"url\":\"https:\\\/\\\/ederagenhelse.no\\\/ny2026\\\/wp-content\\\/uploads\\\/2024\\\/02\\\/logo-hvit-1.png\",\"contentUrl\":\"https:\\\/\\\/ederagenhelse.no\\\/ny2026\\\/wp-content\\\/uploads\\\/2024\\\/02\\\/logo-hvit-1.png\",\"width\":2560,\"height\":418,\"caption\":\"Ederagen Helse \"},\"image\":{\"@id\":\"https:\\\/\\\/ederagenhelse.no\\\/ny2026\\\/#\\\/schema\\\/logo\\\/image\\\/\"}}]}<\/script>\n<!-- \/ Yoast SEO plugin. -->","yoast_head_json":{"title":"Min profil - Ederagen Helse","robots":{"index":"noindex","follow":"follow","max-snippet":"max-snippet:-1","max-image-preview":"max-image-preview:large","max-video-preview":"max-video-preview:-1"},"og_locale":"sv_SE","og_type":"article","og_title":"Min profil - Ederagen Helse","og_description":"Min profil Huvudsida Best\u00e4llning Adress Kontouppgifter Refer a Friend Logga ut Hello EderaGen AS (not EderaGen AS? Log out) From your account dashboard you can view your recent orders, manage your shipping and billing addresses, and edit your password and account details.","og_url":"https:\/\/ederagenhelse.no\/ny2026\/min-profil\/","og_site_name":"Ederagen Helse","article_modified_time":"2025-11-19T21:08:55+00:00","twitter_card":"summary_large_image","schema":{"@context":"https:\/\/schema.org","@graph":[{"@type":"WebPage","@id":"https:\/\/ederagenhelse.no\/ny2026\/min-profil\/","url":"https:\/\/ederagenhelse.no\/ny2026\/min-profil\/","name":"Min profil - Ederagen Helse","isPartOf":{"@id":"https:\/\/ederagenhelse.no\/ny2026\/#website"},"datePublished":"2024-01-11T10:17:31+00:00","dateModified":"2025-11-19T21:08:55+00:00","breadcrumb":{"@id":"https:\/\/ederagenhelse.no\/ny2026\/min-profil\/#breadcrumb"},"inLanguage":"sv-SE","potentialAction":[{"@type":"ReadAction","target":["https:\/\/ederagenhelse.no\/ny2026\/min-profil\/"]}]},{"@type":"BreadcrumbList","@id":"https:\/\/ederagenhelse.no\/ny2026\/min-profil\/#breadcrumb","itemListElement":[{"@type":"ListItem","position":1,"name":"Hjem","item":"https:\/\/ederagenhelse.no\/ny2026\/sv\/"},{"@type":"ListItem","position":2,"name":"Min profil"}]},{"@type":"WebSite","@id":"https:\/\/ederagenhelse.no\/ny2026\/#website","url":"https:\/\/ederagenhelse.no\/ny2026\/","name":"Ederagen Helse","description":"Lidenskapelig opptatt av god helse og godt immunforsvar","publisher":{"@id":"https:\/\/ederagenhelse.no\/ny2026\/#organization"},"potentialAction":[{"@type":"SearchAction","target":{"@type":"EntryPoint","urlTemplate":"https:\/\/ederagenhelse.no\/ny2026\/?s={search_term_string}"},"query-input":{"@type":"PropertyValueSpecification","valueRequired":true,"valueName":"search_term_string"}}],"inLanguage":"sv-SE"},{"@type":"Organization","@id":"https:\/\/ederagenhelse.no\/ny2026\/#organization","name":"Ederagen Helse","url":"https:\/\/ederagenhelse.no\/ny2026\/","logo":{"@type":"ImageObject","inLanguage":"sv-SE","@id":"https:\/\/ederagenhelse.no\/ny2026\/#\/schema\/logo\/image\/","url":"https:\/\/ederagenhelse.no\/ny2026\/wp-content\/uploads\/2024\/02\/logo-hvit-1.png","contentUrl":"https:\/\/ederagenhelse.no\/ny2026\/wp-content\/uploads\/2024\/02\/logo-hvit-1.png","width":2560,"height":418,"caption":"Ederagen Helse "},"image":{"@id":"https:\/\/ederagenhelse.no\/ny2026\/#\/schema\/logo\/image\/"}}]}},"_links":{"self":[{"href":"https:\/\/ederagenhelse.no\/ny2026\/sv\/wp-json\/wp\/v2\/pages\/13584","targetHints":{"allow":["GET"]}}],"collection":[{"href":"https:\/\/ederagenhelse.no\/ny2026\/sv\/wp-json\/wp\/v2\/pages"}],"about":[{"href":"https:\/\/ederagenhelse.no\/ny2026\/sv\/wp-json\/wp\/v2\/types\/page"}],"author":[{"embeddable":true,"href":"https:\/\/ederagenhelse.no\/ny2026\/sv\/wp-json\/wp\/v2\/users\/1"}],"replies":[{"embeddable":true,"href":"https:\/\/ederagenhelse.no\/ny2026\/sv\/wp-json\/wp\/v2\/comments?post=13584"}],"version-history":[{"count":13,"href":"https:\/\/ederagenhelse.no\/ny2026\/sv\/wp-json\/wp\/v2\/pages\/13584\/revisions"}],"predecessor-version":[{"id":20711,"href":"https:\/\/ederagenhelse.no\/ny2026\/sv\/wp-json\/wp\/v2\/pages\/13584\/revisions\/20711"}],"wp:attachment":[{"href":"https:\/\/ederagenhelse.no\/ny2026\/sv\/wp-json\/wp\/v2\/media?parent=13584"}],"curies":[{"name":"wp","href":"https:\/\/api.w.org\/{rel}","templated":true}]}}