{"id":13956,"date":"2023-11-21T13:23:25","date_gmt":"2023-11-21T13:23:25","guid":{"rendered":"https:\/\/ederagenhelse.no\/ny2026\/fortrolighedspolitik\/"},"modified":"2025-01-31T08:58:49","modified_gmt":"2025-01-31T08:58:49","slug":"fortrolighedspolitik","status":"publish","type":"page","link":"https:\/\/ederagenhelse.no\/ny2026\/da\/fortrolighedspolitik\/","title":{"rendered":"Fortrolighedspolitik"},"content":{"rendered":"\n<h2 class=\"wp-block-heading\">Vi bruger cookies for at give dig den bedst mulige brugeroplevelse. Ved at forts\u00e6tte med at bruge hjemmesiden accepterer du, at s\u00e5danne oplysninger bruges. <\/h2>\n\n<p>P\u00e5 denne hjemmeside logger vi anonyme oplysninger om alle bes\u00f8gende. Vi bruger prim\u00e6rt cookies til trafikm\u00e5ling og optimering af indhold og brugeroplevelse. Disse oplysninger er anonymiserede og kan ikke spores tilbage til dig som enkeltperson.  <\/p>\n\n<p>Denne privatlivspolitik blev offentliggjort: 22.03.22<\/p>\n\n<p><strong>Cookies &#8211; hvad de er, og hvordan de virker<\/strong><\/p>\n\n<p>Cookies er noget, som langt de fleste hjemmesider bruger i dag. En cookie er en lille tekstfil, der gemmes i din browsers interne hukommelse, og som giver os mulighed for at se, hvad du klikker p\u00e5, hvordan du navigerer p\u00e5 hjemmesiden, og hvordan indholdet p\u00e5 hjemmesiden fungerer. Desuden indsamler vi oplysninger om navigation, bes\u00f8gstidspunkt, hvilken browser du bruger og s\u00e5 videre. Det g\u00f8r vi for at kunne tilpasse hjemmesidens indhold bedst muligt til dig som bruger. De fleste browsere (Google Chrome, Firefox, Internet Explorer, Safari m.fl.) er indstillet til at acceptere cookies automatisk, men du kan v\u00e6lge at \u00e6ndre indstillingerne, s\u00e5 cookies ikke accepteres. V\u00e6r opm\u00e6rksom p\u00e5, at det kan betyde, at mange hjemmesider ikke l\u00e6ngere vil fungere korrekt.     <\/p>\n\n<p><strong>Hvad vi bruger cookies til<\/strong><\/p>\n\n<p><strong>Google Analytics<\/strong><\/p>\n\n<p>Analysev\u00e6rkt\u00f8jet Google Analytics bruges til at unders\u00f8ge trafik, brugsm\u00f8nstre og tendenser p\u00e5 hjemmesiden. De indsamlede data bruges til at optimere brugeroplevelsen og tilpasse indholdet p\u00e5 hjemmesiden. I overensstemmelse med Googles retningslinjer for brug af Google Analytics indsamles der ingen personligt identificerbare oplysninger om dig som bruger. De indsamlede data lagres p\u00e5 Googles servere. Hvis du \u00f8nsker at frav\u00e6lge, at Google Analytics indsamler data om dig, kan du <a href=\"https:\/\/tools.google.com\/dlpage\/gaoptout\/\">anmode om at blive udelukket<\/a>.    <\/p>\n\n<p><strong>Google Tag Manager<\/strong><\/p>\n\n<p>Google Tag Manager administrerer sporingskoder og henviser sporingsops\u00e6tninger og sporing til tredjepartsl\u00f8sninger s\u00e5som Universal Analytics (Google Analytics) og bruges til optimering af websteder og markedsf\u00f8ringstjenester. Alle tracking-tags k\u00f8res og administreres via Google Tag Manager. <\/p>\n\n<p>Hvad der gemmes: Dine bev\u00e6gelser og visse handlinger p\u00e5 webstedet (f.eks. hvis du trykker p\u00e5 &#8220;L\u00e6g i kurv&#8221; i en onlinebutik). Alle data er anonymiserede, og vi gemmer ingen f\u00f8lsomme oplysninger som f.eks. kreditkortoplysninger, telefonnummer, adresse eller andre former for data, der kan identificere dig som person. <\/p>\n\n<p><strong>Facebook-pixel<\/strong><\/p>\n\n<p>Facebook Pixel er et analysev\u00e6rkt\u00f8j, der giver os mulighed for at m\u00e5le effektiviteten af annoncering fra Facebook ved at spore de handlinger, brugeren udf\u00f8rer p\u00e5 hjemmesiden med henblik p\u00e5 at optimere Facebook-annoncer (opbygning af m\u00e5lgruppe og remarketing). Du kan bruge disse oplysninger til: <\/p>\n\n<ul class=\"wp-block-list\">\n<li>S\u00f8rg for, at annoncer vises til de rigtige mennesker<\/li>\n\n\n\n<li>Opbygning af annoncem\u00e5lgrupper<\/li>\n\n\n\n<li>L\u00e5s op for yderligere annonceringsv\u00e6rkt\u00f8jer p\u00e5 Facebook<\/li>\n<\/ul>\n\n<p>Hvad der gemmes: Hvilke annoncer brugeren har set p\u00e5 Facebook, hvilke sider brugeren har bes\u00f8gt, og hvilke konverteringer (ordre, kontakt osv.) brugeren har foretaget.<\/p>\n\n<p><strong>Hotjar<\/strong><\/p>\n\n<p>Kortl\u00e6gning af den interaktion, brugeren har med hjemmesiden. For at hj\u00e6lpe os med at forst\u00e5, hvordan bes\u00f8gende interagerer med hjemmesiden, registrerer Hotjar bes\u00f8gssessioner. Hotjar-scriptet er en websocket-forbindelse, der sender f\u00f8lgende oplysninger til Hotjars servere:  <\/p>\n\n<ul class=\"wp-block-list\">\n<li>HTML-\u00e6ndringer, der sker under brugerens session p\u00e5 hjemmesiden<\/li>\n\n\n\n<li>Musens bev\u00e6gelser<\/li>\n\n\n\n<li>Klik med musen<\/li>\n\n\n\n<li>Rullebev\u00e6gelser<\/li>\n\n\n\n<li>Tastetryk til hvidlistede handlinger<\/li>\n\n\n\n<li>Statistik over, om browserens visningsst\u00f8rrelse \u00e6ndres<\/li>\n<\/ul>\n\n<p>Hver sporet begivenhed gemmes i Hotjars cloud-database med et tidsstempel, som senere bruges til at afspille begivenhederne i sekventiel r\u00e6kkef\u00f8lge. Hotjar-scriptet sporer bes\u00f8gende, n\u00e5r de bes\u00f8ger forskellige sider ved hj\u00e6lp af en f\u00f8rstepartscookie, hvilket g\u00f8r det muligt at afspille hele sessionen i en enkelt optagelse. Ingen f\u00f8lsomme oplysninger eller brugeroplysninger hentes eller gemmes.  <\/p>\n\n<p><strong>Sporing af pixels<\/strong><\/p>\n\n<p>Sporingspixlerne p\u00e5 hjemmesiden bruges til at spore konverteringer og personlig markedsf\u00f8ring. De er ikke container-tags og sender ikke personlige oplysninger tilbage. <\/p>\n\n<p><strong>Indsamling af information<\/strong><\/p>\n\n<p>Vi indsamler oplysninger via formularer p\u00e5 vores hjemmeside. Det er frivilligt at afgive disse oplysninger. Hvis du v\u00e6lger ikke at give dine personlige data, kan vi blive forhindret i at give dig adgang til produktet eller tjenesten.<\/p>\n\n<p><strong>Eksempel p\u00e5 en formular:<\/strong><\/p>\n\n<ul class=\"wp-block-list\">\n<li>Kontaktformular<\/li>\n\n\n\n<li>N\u00e5r du vil pr\u00f8ve et produkt eller en tjeneste<\/li>\n\n\n\n<li>N\u00e5r du k\u00f8ber produkter eller tjenester p\u00e5 en hjemmeside<\/li>\n\n\n\n<li>N\u00e5r du tilmelder dig webinarer, kurser og konferencer<\/li>\n\n\n\n<li>N\u00e5r du downloader dokumenter som f.eks. e-b\u00f8ger eller andre<\/li>\n\n\n\n<li>Ved at tilmelde dig for at modtage nyhedsbreve eller blogs via e-mail<\/li>\n<\/ul>\n\n<p><strong>Form\u00e5let med de indsamlede oplysninger:<\/strong><\/p>\n\n<ul class=\"wp-block-list\">\n<li>At give brugeren adgang til vores produkter og tjenester<\/li>\n\n\n\n<li>At sende relevant information til brugeren<\/li>\n\n\n\n<li>At kunne komme i kontakt for at tilbyde produkter eller tjenester<\/li>\n<\/ul>\n\n<p><strong>S\u00e5dan sletter du cookies<\/strong><\/p>\n\n<p>Normalt er de fleste browsere indstillet til at acceptere cookies. Bem\u00e6rk, at du kan slette dem ved at f\u00f8lge vejledningen til sletning af cookies i din browser. Du kan finde oplysninger om dette i &#8220;Hj\u00e6lp&#8221;-funktionen i din browser. Bem\u00e6rk, at hvis du begr\u00e6nser adgangen til cookies, kan det p\u00e5virke hjemmesidens funktionalitet.<\/p>\n\n<p>Hvis du vil fjerne cookies fra din computer, kan du bruge disse vejledninger:  <\/p>\n\n<ul class=\"wp-block-list\">\n<li><a href=\"https:\/\/support.microsoft.com\/en-us\/kb\/278835#\/en-us\/kb\/278835\/\">Internet Explorer<\/a><\/li>\n\n\n\n<li><a href=\"https:\/\/support.google.com\/chrome\/answer\/95647?hl=no\/\">Krom<\/a><\/li>\n\n\n\n<li><a href=\"https:\/\/support.apple.com\/kb\/PH17191?locale=no_NO\">Safari<\/a><\/li>\n\n\n\n<li><a href=\"https:\/\/support.mozilla.org\/no\/kb\/slett-informasjonskapsler-fjerne-informasjon-netts\">Firefox<\/a><\/li>\n<\/ul>\n","protected":false},"excerpt":{"rendered":"<p>Vi bruger cookies for at give dig den bedst mulige brugeroplevelse. Ved at forts\u00e6tte med at bruge hjemmesiden accepterer du, at s\u00e5danne oplysninger bruges. P\u00e5 denne hjemmeside logger vi anonyme oplysninger om alle bes\u00f8gende. Vi bruger prim\u00e6rt cookies til trafikm\u00e5ling og optimering af indhold og brugeroplevelse. Disse oplysninger er anonymiserede og kan ikke spores tilbage [&hellip;]<\/p>\n","protected":false},"author":1,"featured_media":0,"parent":0,"menu_order":0,"comment_status":"closed","ping_status":"closed","template":"","meta":{"footnotes":""},"class_list":["post-13956","page","type-page","status-publish","hentry"],"yoast_head":"<!-- This site is optimized with the Yoast SEO plugin v27.4 - https:\/\/yoast.com\/product\/yoast-seo-wordpress\/ -->\n<title>Fortrolighedspolitik - Ederagen Helse<\/title>\n<meta name=\"robots\" content=\"noindex, follow, max-snippet:-1, max-image-preview:large, max-video-preview:-1\" \/>\n<meta property=\"og:locale\" content=\"da_DK\" \/>\n<meta property=\"og:type\" content=\"article\" \/>\n<meta property=\"og:title\" content=\"Fortrolighedspolitik - Ederagen Helse\" \/>\n<meta property=\"og:description\" content=\"Vi bruger cookies for at give dig den bedst mulige brugeroplevelse. Ved at forts\u00e6tte med at bruge hjemmesiden accepterer du, at s\u00e5danne oplysninger bruges. P\u00e5 denne hjemmeside logger vi anonyme oplysninger om alle bes\u00f8gende. Vi bruger prim\u00e6rt cookies til trafikm\u00e5ling og optimering af indhold og brugeroplevelse. Disse oplysninger er anonymiserede og kan ikke spores tilbage [&hellip;]\" \/>\n<meta property=\"og:url\" content=\"https:\/\/ederagenhelse.no\/ny2026\/da\/fortrolighedspolitik\/\" \/>\n<meta property=\"og:site_name\" content=\"Ederagen Helse\" \/>\n<meta property=\"article:modified_time\" content=\"2025-01-31T08:58:49+00:00\" \/>\n<meta name=\"twitter:card\" content=\"summary_large_image\" \/>\n<meta name=\"twitter:label1\" content=\"Estimeret l\u00e6setid\" \/>\n\t<meta name=\"twitter:data1\" content=\"4 minutter\" \/>\n<script type=\"application\/ld+json\" class=\"yoast-schema-graph\">{\"@context\":\"https:\\\/\\\/schema.org\",\"@graph\":[{\"@type\":\"WebPage\",\"@id\":\"https:\\\/\\\/ederagenhelse.no\\\/ny2026\\\/da\\\/fortrolighedspolitik\\\/\",\"url\":\"https:\\\/\\\/ederagenhelse.no\\\/ny2026\\\/da\\\/fortrolighedspolitik\\\/\",\"name\":\"Fortrolighedspolitik - Ederagen Helse\",\"isPartOf\":{\"@id\":\"https:\\\/\\\/ederagenhelse.no\\\/ny2026\\\/#website\"},\"datePublished\":\"2023-11-21T13:23:25+00:00\",\"dateModified\":\"2025-01-31T08:58:49+00:00\",\"breadcrumb\":{\"@id\":\"https:\\\/\\\/ederagenhelse.no\\\/ny2026\\\/da\\\/fortrolighedspolitik\\\/#breadcrumb\"},\"inLanguage\":\"da-DK\",\"potentialAction\":[{\"@type\":\"ReadAction\",\"target\":[\"https:\\\/\\\/ederagenhelse.no\\\/ny2026\\\/da\\\/fortrolighedspolitik\\\/\"]}]},{\"@type\":\"BreadcrumbList\",\"@id\":\"https:\\\/\\\/ederagenhelse.no\\\/ny2026\\\/da\\\/fortrolighedspolitik\\\/#breadcrumb\",\"itemListElement\":[{\"@type\":\"ListItem\",\"position\":1,\"name\":\"Hjem\",\"item\":\"https:\\\/\\\/ederagenhelse.no\\\/ny2026\\\/\"},{\"@type\":\"ListItem\",\"position\":2,\"name\":\"Fortrolighedspolitik\"}]},{\"@type\":\"WebSite\",\"@id\":\"https:\\\/\\\/ederagenhelse.no\\\/ny2026\\\/#website\",\"url\":\"https:\\\/\\\/ederagenhelse.no\\\/ny2026\\\/\",\"name\":\"Ederagen Helse\",\"description\":\"Lidenskapelig opptatt av god helse og godt immunforsvar\",\"publisher\":{\"@id\":\"https:\\\/\\\/ederagenhelse.no\\\/ny2026\\\/#organization\"},\"potentialAction\":[{\"@type\":\"SearchAction\",\"target\":{\"@type\":\"EntryPoint\",\"urlTemplate\":\"https:\\\/\\\/ederagenhelse.no\\\/ny2026\\\/?s={search_term_string}\"},\"query-input\":{\"@type\":\"PropertyValueSpecification\",\"valueRequired\":true,\"valueName\":\"search_term_string\"}}],\"inLanguage\":\"da-DK\"},{\"@type\":\"Organization\",\"@id\":\"https:\\\/\\\/ederagenhelse.no\\\/ny2026\\\/#organization\",\"name\":\"Ederagen Helse\",\"url\":\"https:\\\/\\\/ederagenhelse.no\\\/ny2026\\\/\",\"logo\":{\"@type\":\"ImageObject\",\"inLanguage\":\"da-DK\",\"@id\":\"https:\\\/\\\/ederagenhelse.no\\\/ny2026\\\/#\\\/schema\\\/logo\\\/image\\\/\",\"url\":\"https:\\\/\\\/ederagenhelse.no\\\/ny2026\\\/wp-content\\\/uploads\\\/2024\\\/02\\\/logo-hvit-1.png\",\"contentUrl\":\"https:\\\/\\\/ederagenhelse.no\\\/ny2026\\\/wp-content\\\/uploads\\\/2024\\\/02\\\/logo-hvit-1.png\",\"width\":2560,\"height\":418,\"caption\":\"Ederagen Helse \"},\"image\":{\"@id\":\"https:\\\/\\\/ederagenhelse.no\\\/ny2026\\\/#\\\/schema\\\/logo\\\/image\\\/\"}}]}<\/script>\n<!-- \/ Yoast SEO plugin. -->","yoast_head_json":{"title":"Fortrolighedspolitik - Ederagen Helse","robots":{"index":"noindex","follow":"follow","max-snippet":"max-snippet:-1","max-image-preview":"max-image-preview:large","max-video-preview":"max-video-preview:-1"},"og_locale":"da_DK","og_type":"article","og_title":"Fortrolighedspolitik - Ederagen Helse","og_description":"Vi bruger cookies for at give dig den bedst mulige brugeroplevelse. Ved at forts\u00e6tte med at bruge hjemmesiden accepterer du, at s\u00e5danne oplysninger bruges. P\u00e5 denne hjemmeside logger vi anonyme oplysninger om alle bes\u00f8gende. Vi bruger prim\u00e6rt cookies til trafikm\u00e5ling og optimering af indhold og brugeroplevelse. Disse oplysninger er anonymiserede og kan ikke spores tilbage [&hellip;]","og_url":"https:\/\/ederagenhelse.no\/ny2026\/da\/fortrolighedspolitik\/","og_site_name":"Ederagen Helse","article_modified_time":"2025-01-31T08:58:49+00:00","twitter_card":"summary_large_image","twitter_misc":{"Estimeret l\u00e6setid":"4 minutter"},"schema":{"@context":"https:\/\/schema.org","@graph":[{"@type":"WebPage","@id":"https:\/\/ederagenhelse.no\/ny2026\/da\/fortrolighedspolitik\/","url":"https:\/\/ederagenhelse.no\/ny2026\/da\/fortrolighedspolitik\/","name":"Fortrolighedspolitik - Ederagen Helse","isPartOf":{"@id":"https:\/\/ederagenhelse.no\/ny2026\/#website"},"datePublished":"2023-11-21T13:23:25+00:00","dateModified":"2025-01-31T08:58:49+00:00","breadcrumb":{"@id":"https:\/\/ederagenhelse.no\/ny2026\/da\/fortrolighedspolitik\/#breadcrumb"},"inLanguage":"da-DK","potentialAction":[{"@type":"ReadAction","target":["https:\/\/ederagenhelse.no\/ny2026\/da\/fortrolighedspolitik\/"]}]},{"@type":"BreadcrumbList","@id":"https:\/\/ederagenhelse.no\/ny2026\/da\/fortrolighedspolitik\/#breadcrumb","itemListElement":[{"@type":"ListItem","position":1,"name":"Hjem","item":"https:\/\/ederagenhelse.no\/ny2026\/"},{"@type":"ListItem","position":2,"name":"Fortrolighedspolitik"}]},{"@type":"WebSite","@id":"https:\/\/ederagenhelse.no\/ny2026\/#website","url":"https:\/\/ederagenhelse.no\/ny2026\/","name":"Ederagen Helse","description":"Lidenskapelig opptatt av god helse og godt immunforsvar","publisher":{"@id":"https:\/\/ederagenhelse.no\/ny2026\/#organization"},"potentialAction":[{"@type":"SearchAction","target":{"@type":"EntryPoint","urlTemplate":"https:\/\/ederagenhelse.no\/ny2026\/?s={search_term_string}"},"query-input":{"@type":"PropertyValueSpecification","valueRequired":true,"valueName":"search_term_string"}}],"inLanguage":"da-DK"},{"@type":"Organization","@id":"https:\/\/ederagenhelse.no\/ny2026\/#organization","name":"Ederagen Helse","url":"https:\/\/ederagenhelse.no\/ny2026\/","logo":{"@type":"ImageObject","inLanguage":"da-DK","@id":"https:\/\/ederagenhelse.no\/ny2026\/#\/schema\/logo\/image\/","url":"https:\/\/ederagenhelse.no\/ny2026\/wp-content\/uploads\/2024\/02\/logo-hvit-1.png","contentUrl":"https:\/\/ederagenhelse.no\/ny2026\/wp-content\/uploads\/2024\/02\/logo-hvit-1.png","width":2560,"height":418,"caption":"Ederagen Helse "},"image":{"@id":"https:\/\/ederagenhelse.no\/ny2026\/#\/schema\/logo\/image\/"}}]}},"_links":{"self":[{"href":"https:\/\/ederagenhelse.no\/ny2026\/da\/wp-json\/wp\/v2\/pages\/13956","targetHints":{"allow":["GET"]}}],"collection":[{"href":"https:\/\/ederagenhelse.no\/ny2026\/da\/wp-json\/wp\/v2\/pages"}],"about":[{"href":"https:\/\/ederagenhelse.no\/ny2026\/da\/wp-json\/wp\/v2\/types\/page"}],"author":[{"embeddable":true,"href":"https:\/\/ederagenhelse.no\/ny2026\/da\/wp-json\/wp\/v2\/users\/1"}],"replies":[{"embeddable":true,"href":"https:\/\/ederagenhelse.no\/ny2026\/da\/wp-json\/wp\/v2\/comments?post=13956"}],"version-history":[{"count":1,"href":"https:\/\/ederagenhelse.no\/ny2026\/da\/wp-json\/wp\/v2\/pages\/13956\/revisions"}],"predecessor-version":[{"id":13957,"href":"https:\/\/ederagenhelse.no\/ny2026\/da\/wp-json\/wp\/v2\/pages\/13956\/revisions\/13957"}],"wp:attachment":[{"href":"https:\/\/ederagenhelse.no\/ny2026\/da\/wp-json\/wp\/v2\/media?parent=13956"}],"curies":[{"name":"wp","href":"https:\/\/api.w.org\/{rel}","templated":true}]}}