{"id":13794,"date":"2024-01-05T13:28:57","date_gmt":"2024-01-05T13:28:57","guid":{"rendered":"https:\/\/ederagenhelse.no\/ny2026\/om-os\/"},"modified":"2025-01-31T08:56:27","modified_gmt":"2025-01-31T08:56:27","slug":"om-os","status":"publish","type":"page","link":"https:\/\/ederagenhelse.no\/ny2026\/da\/om-os\/","title":{"rendered":"Om os"},"content":{"rendered":"\t\t<div data-elementor-type=\"wp-page\" data-elementor-id=\"13794\" class=\"elementor elementor-13794 elementor-464\" data-elementor-post-type=\"page\">\n\t\t\t\t<div class=\"elementor-element elementor-element-32dd90f e-flex e-con-boxed e-con e-parent\" data-id=\"32dd90f\" data-element_type=\"container\" data-e-type=\"container\" data-settings=\"{&quot;background_background&quot;:&quot;classic&quot;}\">\n\t\t\t\t\t<div class=\"e-con-inner\">\n\t\t<div class=\"elementor-element elementor-element-cc3ff86 e-con-full e-flex e-con e-child\" data-id=\"cc3ff86\" data-element_type=\"container\" data-e-type=\"container\">\n\t\t\t\t<div class=\"elementor-element elementor-element-72aecd1 elementor-widget elementor-widget-heading\" data-id=\"72aecd1\" data-element_type=\"widget\" data-e-type=\"widget\" data-widget_type=\"heading.default\">\n\t\t\t\t\t<h2 class=\"elementor-heading-title elementor-size-default\">EderaGen Health AS<\/h2>\t\t\t\t<\/div>\n\t\t\t\t<div class=\"elementor-element elementor-element-97faebd elementor-widget elementor-widget-text-editor\" data-id=\"97faebd\" data-element_type=\"widget\" data-e-type=\"widget\" data-widget_type=\"text-editor.default\">\n\t\t\t\t\t\t\t\t\t<p>EderaGen Helse AS er et salgsselskab for kosttilskud, som s\u00e6lges via selskabets egen netbutik. Vi har s\u00e6rligt fokus p\u00e5 jordbundsstoffer, som mennesket har tilpasset sig gennem hundredtusinder af \u00e5r, og som er en mangelvare i dagens moderne samfund. Kosttilskuddene skal tages forebyggende som kompensation for den tabte kontakt med vores oprindelige naturlige milj\u00f8.  <\/p>\n\t\t\t\t\t\t\t\t<\/div>\n\t\t\t\t<div class=\"elementor-element elementor-element-a6fbce9 elementor-widget elementor-widget-image\" data-id=\"a6fbce9\" data-element_type=\"widget\" data-e-type=\"widget\" data-widget_type=\"image.default\">\n\t\t\t\t\t\t\t\t\t\t\t\t\t\t\t<img fetchpriority=\"high\" decoding=\"async\" width=\"800\" height=\"856\" src=\"https:\/\/ederagenhelse.no\/ny2026\/wp-content\/uploads\/2023\/12\/Rectangle-63-1.jpg\" class=\"attachment-large size-large wp-image-13671\" alt=\"\" srcset=\"https:\/\/ederagenhelse.no\/ny2026\/wp-content\/uploads\/2023\/12\/Rectangle-63-1.jpg 841w, https:\/\/ederagenhelse.no\/ny2026\/wp-content\/uploads\/2023\/12\/Rectangle-63-1-600x642.jpg 600w, https:\/\/ederagenhelse.no\/ny2026\/wp-content\/uploads\/2023\/12\/Rectangle-63-1-280x300.jpg 280w, https:\/\/ederagenhelse.no\/ny2026\/wp-content\/uploads\/2023\/12\/Rectangle-63-1-768x822.jpg 768w\" sizes=\"(max-width: 800px) 100vw, 800px\" \/>\t\t\t\t\t\t\t\t\t\t\t\t\t\t\t<\/div>\n\t\t\t\t<\/div>\n\t\t<div class=\"elementor-element elementor-element-084d576 e-con-full e-flex e-con e-child\" data-id=\"084d576\" data-element_type=\"container\" data-e-type=\"container\">\n\t\t\t\t<div class=\"elementor-element elementor-element-f7d28fa elementor-hidden-mobile elementor-widget elementor-widget-image\" data-id=\"f7d28fa\" data-element_type=\"widget\" data-e-type=\"widget\" data-widget_type=\"image.default\">\n\t\t\t\t\t\t\t\t\t\t\t\t\t\t\t<img decoding=\"async\" width=\"692\" height=\"639\" src=\"https:\/\/ederagenhelse.no\/ny2026\/wp-content\/uploads\/2023\/12\/image-1-1.png\" class=\"attachment-large size-large wp-image-13689\" alt=\"\" srcset=\"https:\/\/ederagenhelse.no\/ny2026\/wp-content\/uploads\/2023\/12\/image-1-1.png 692w, https:\/\/ederagenhelse.no\/ny2026\/wp-content\/uploads\/2023\/12\/image-1-1-600x554.png 600w, https:\/\/ederagenhelse.no\/ny2026\/wp-content\/uploads\/2023\/12\/image-1-1-300x277.png 300w\" sizes=\"(max-width: 692px) 100vw, 692px\" \/>\t\t\t\t\t\t\t\t\t\t\t\t\t\t\t<\/div>\n\t\t\t\t<div class=\"elementor-element elementor-element-e549657 elementor-widget elementor-widget-text-editor\" data-id=\"e549657\" data-element_type=\"widget\" data-e-type=\"widget\" data-widget_type=\"text-editor.default\">\n\t\t\t\t\t\t\t\t\tVi har 30 \u00e5rs erfaring med at udvikle og markedsf\u00f8re beta-1,3\/1,6-glukaner fra bageg\u00e6rs cellev\u00e6g, som har vist sig at stimulere det medf\u00f8dte immunsystem. <sup>EcoGard\u00ae<\/sup> er vores kosttilskud med disse s\u00e6rlige beta-glukaner i kapsler. I januar lancerer vi et andet forebyggende kosttilskud under det registrerede varem\u00e6rke <sup>EderaGard\u00ae<\/sup>. Det er udviklet af vores moderselskab EderaGen AS og vil blive solgt i tabletform. Kombinationen af jordbundsstoffer i <sup>EderaGard\u00ae<\/sup> kan beskrives som en jordbund for det rige og vitale \u00f8kosystem af mikrober i tarmen. EderaGen Helse AS er et helejet datterselskab af EderaGen AS og har base i Bergen. Virksomheden ejes af professor emeritus Jan Raa og hans forretningspartner gennem flere \u00e5rtier, Knut Eirik Andersen.    \n\n \t\t\t\t\t\t\t\t<\/div>\n\t\t\t\t<\/div>\n\t\t\t\t\t<\/div>\n\t\t\t\t<\/div>\n\t\t<div class=\"elementor-element elementor-element-0ed29fc e-flex e-con-boxed e-con e-parent\" data-id=\"0ed29fc\" data-element_type=\"container\" data-e-type=\"container\" data-settings=\"{&quot;background_background&quot;:&quot;classic&quot;}\">\n\t\t\t\t\t<div class=\"e-con-inner\">\n\t\t<div class=\"elementor-element elementor-element-f0fa8a2 e-con-full e-flex e-con e-child\" data-id=\"f0fa8a2\" data-element_type=\"container\" data-e-type=\"container\">\n\t\t\t\t<div class=\"elementor-element elementor-element-ad62675 elementor-widget elementor-widget-image\" data-id=\"ad62675\" data-element_type=\"widget\" data-e-type=\"widget\" data-widget_type=\"image.default\">\n\t\t\t\t\t\t\t\t\t\t\t\t\t\t\t<img decoding=\"async\" width=\"768\" height=\"960\" src=\"https:\/\/ederagenhelse.no\/ny2026\/wp-content\/uploads\/2024\/01\/jan-raa.jpg\" class=\"attachment-large size-large wp-image-13711\" alt=\"\" srcset=\"https:\/\/ederagenhelse.no\/ny2026\/wp-content\/uploads\/2024\/01\/jan-raa.jpg 768w, https:\/\/ederagenhelse.no\/ny2026\/wp-content\/uploads\/2024\/01\/jan-raa-600x750.jpg 600w, https:\/\/ederagenhelse.no\/ny2026\/wp-content\/uploads\/2024\/01\/jan-raa-240x300.jpg 240w\" sizes=\"(max-width: 768px) 100vw, 768px\" \/>\t\t\t\t\t\t\t\t\t\t\t\t\t\t\t<\/div>\n\t\t\t\t<\/div>\n\t\t<div class=\"elementor-element elementor-element-bac75e8 e-con-full e-flex e-con e-child\" data-id=\"bac75e8\" data-element_type=\"container\" data-e-type=\"container\">\n\t\t\t\t<div class=\"elementor-element elementor-element-2c228bc elementor-widget elementor-widget-heading\" data-id=\"2c228bc\" data-element_type=\"widget\" data-e-type=\"widget\" data-widget_type=\"heading.default\">\n\t\t\t\t\t<h2 class=\"elementor-heading-title elementor-size-default\">Jan Raa<\/h2>\t\t\t\t<\/div>\n\t\t\t\t<div class=\"elementor-element elementor-element-c99fc7c elementor-widget elementor-widget-text-editor\" data-id=\"c99fc7c\" data-element_type=\"widget\" data-e-type=\"widget\" data-widget_type=\"text-editor.default\">\n\t\t\t\t\t\t\t\t\t<p>Vores bestyrelsesformand er Dr. Jan Raa. Efter at have afsluttet sin ph.d. i organisk kemi ved universitetet i Utrecht har han haft en lang og begivenhedsrig akademisk karriere. Han var blandt andet en fremtr\u00e6dende professor i mikrobiologi ved Universitetet i Troms\u00f8, hvor han blev udn\u00e6vnt til \u00e6resdoktor i 2006. Han har v\u00e6ret forskningsdirekt\u00f8r ved to nationale forskningsinstitutter (i dag NIFES og NOFIMA) og er kendt som grundl\u00e6gger af teknologivirksomheder baseret p\u00e5 sine egne opfindelser.     <\/p>\n<p>Det g\u00e6lder bl.a. det b\u00f8rsnoterede biomedicinske selskab ArcticZymes ASA, hvor han var bestyrelsesformand og senere forskningschef indtil 2008. I de senere \u00e5r har han is\u00e6r v\u00e6ret involveret i udviklingen af kosttilskud baseret p\u00e5 jordn\u00e6ringsstoffer, som det rige og vitale \u00f8kosystem af mikrober i tarmen er afh\u00e6ngig af. Jan Raa er medlem af Det Norske Videnskaps-Akademi og Det Norske Akademi for Tekniske Videnskaber, og i 2010 blev han udn\u00e6vnt til kommand\u00f8r af Sankt Olavs Orden for forskning og udvikling inden for den biomarine sektor.  <\/p>\n\t\t\t\t\t\t\t\t<\/div>\n\t\t\t\t<\/div>\n\t\t<div class=\"elementor-element elementor-element-324a441 e-con-full e-flex e-con e-child\" data-id=\"324a441\" data-element_type=\"container\" data-e-type=\"container\">\n\t\t\t\t<div class=\"elementor-element elementor-element-f1c02c6 elementor-widget elementor-widget-heading\" data-id=\"f1c02c6\" data-element_type=\"widget\" data-e-type=\"widget\" data-widget_type=\"heading.default\">\n\t\t\t\t\t<h2 class=\"elementor-heading-title elementor-size-default\">Knut Eirik Andersen\n<\/h2>\t\t\t\t<\/div>\n\t\t\t\t<div class=\"elementor-element elementor-element-c55a380 elementor-widget elementor-widget-text-editor\" data-id=\"c55a380\" data-element_type=\"widget\" data-e-type=\"widget\" data-widget_type=\"text-editor.default\">\n\t\t\t\t\t\t\t\t\t<p>Administrerende direkt\u00f8r for EderaGen Helse AS er Knut Eirik Andersen, som har bred erfaring med udvikling, kommercialisering og ledelse af nystartede F&amp;U-baserede virksomheder i Norge og i udlandet. Det g\u00e6lder is\u00e6r forretningsudvikling inden for bioteknologi og akvakultur i dele af Asien, Nord- og Mellemamerika. <\/p>\n<p>Han var den f\u00f8rste administrerende direkt\u00f8r for den biomedicinske virksomhed ArcticZymes ASA (nu b\u00f8rsnoteret), da beta-1,3\/1,6-glucan blev udviklet og lanceret som et kommercielt produkt. Han har v\u00e6ret formandens forretningspartner i forskellige projekter gennem flere \u00e5rtier. Dette lange samarbejde forts\u00e6tter den dag i dag, hvor EderaGard\u00ae nu slutter sig til r\u00e6kken af produkter, der er blevet udviklet og kommercialiseret i f\u00e6llesskab.  <\/p>\n\t\t\t\t\t\t\t\t<\/div>\n\t\t\t\t<\/div>\n\t\t<div class=\"elementor-element elementor-element-4cb84af e-con-full e-flex e-con e-child\" data-id=\"4cb84af\" data-element_type=\"container\" data-e-type=\"container\">\n\t\t\t\t<div class=\"elementor-element elementor-element-85b313e elementor-widget elementor-widget-image\" data-id=\"85b313e\" data-element_type=\"widget\" data-e-type=\"widget\" data-widget_type=\"image.default\">\n\t\t\t\t\t\t\t\t\t\t\t\t\t\t\t<img loading=\"lazy\" decoding=\"async\" width=\"800\" height=\"1000\" src=\"https:\/\/ederagenhelse.no\/ny2026\/wp-content\/uploads\/2024\/01\/KE-Andersen-03-819x1024.jpg\" class=\"attachment-large size-large wp-image-13713\" alt=\"\" srcset=\"https:\/\/ederagenhelse.no\/ny2026\/wp-content\/uploads\/2024\/01\/KE-Andersen-03-819x1024.jpg 819w, https:\/\/ederagenhelse.no\/ny2026\/wp-content\/uploads\/2024\/01\/KE-Andersen-03-600x750.jpg 600w, https:\/\/ederagenhelse.no\/ny2026\/wp-content\/uploads\/2024\/01\/KE-Andersen-03-240x300.jpg 240w, https:\/\/ederagenhelse.no\/ny2026\/wp-content\/uploads\/2024\/01\/KE-Andersen-03-768x960.jpg 768w, https:\/\/ederagenhelse.no\/ny2026\/wp-content\/uploads\/2024\/01\/KE-Andersen-03.jpg 1037w\" sizes=\"(max-width: 800px) 100vw, 800px\" \/>\t\t\t\t\t\t\t\t\t\t\t\t\t\t\t<\/div>\n\t\t\t\t<\/div>\n\t\t\t\t\t<\/div>\n\t\t\t\t<\/div>\n\t\t\t\t<\/div>\n\t\t","protected":false},"excerpt":{"rendered":"<p>EderaGen Health AS EderaGen Helse AS er et salgsselskab for kosttilskud, som s\u00e6lges via selskabets egen netbutik. Vi har s\u00e6rligt fokus p\u00e5 jordbundsstoffer, som mennesket har tilpasset sig gennem hundredtusinder af \u00e5r, og som er en mangelvare i dagens moderne samfund. Kosttilskuddene skal tages forebyggende som kompensation for den tabte kontakt med vores oprindelige naturlige [&hellip;]<\/p>\n","protected":false},"author":1,"featured_media":0,"parent":0,"menu_order":0,"comment_status":"closed","ping_status":"closed","template":"elementor_header_footer","meta":{"footnotes":""},"class_list":["post-13794","page","type-page","status-publish","hentry"],"yoast_head":"<!-- This site is optimized with the Yoast SEO plugin v27.4 - https:\/\/yoast.com\/product\/yoast-seo-wordpress\/ -->\n<title>Om os - Ederagen Helse<\/title>\n<meta name=\"robots\" content=\"noindex, follow, max-snippet:-1, max-image-preview:large, max-video-preview:-1\" \/>\n<meta property=\"og:locale\" content=\"da_DK\" \/>\n<meta property=\"og:type\" content=\"article\" \/>\n<meta property=\"og:title\" content=\"Om os - Ederagen Helse\" \/>\n<meta property=\"og:description\" content=\"EderaGen Health AS EderaGen Helse AS er et salgsselskab for kosttilskud, som s\u00e6lges via selskabets egen netbutik. Vi har s\u00e6rligt fokus p\u00e5 jordbundsstoffer, som mennesket har tilpasset sig gennem hundredtusinder af \u00e5r, og som er en mangelvare i dagens moderne samfund. Kosttilskuddene skal tages forebyggende som kompensation for den tabte kontakt med vores oprindelige naturlige [&hellip;]\" \/>\n<meta property=\"og:url\" content=\"https:\/\/ederagenhelse.no\/ny2026\/da\/om-os\/\" \/>\n<meta property=\"og:site_name\" content=\"Ederagen Helse\" \/>\n<meta property=\"article:modified_time\" content=\"2025-01-31T08:56:27+00:00\" \/>\n<meta property=\"og:image\" content=\"https:\/\/ederagenhelse.no\/ny2026\/wp-content\/uploads\/2023\/12\/Rectangle-63-1.jpg\" \/>\n\t<meta property=\"og:image:width\" content=\"841\" \/>\n\t<meta property=\"og:image:height\" content=\"900\" \/>\n\t<meta property=\"og:image:type\" content=\"image\/jpeg\" \/>\n<meta name=\"twitter:card\" content=\"summary_large_image\" \/>\n<meta name=\"twitter:label1\" content=\"Estimeret l\u00e6setid\" \/>\n\t<meta name=\"twitter:data1\" content=\"2 minutter\" \/>\n<script type=\"application\/ld+json\" class=\"yoast-schema-graph\">{\"@context\":\"https:\\\/\\\/schema.org\",\"@graph\":[{\"@type\":\"WebPage\",\"@id\":\"https:\\\/\\\/ederagenhelse.no\\\/ny2026\\\/da\\\/om-os\\\/\",\"url\":\"https:\\\/\\\/ederagenhelse.no\\\/ny2026\\\/da\\\/om-os\\\/\",\"name\":\"Om os - Ederagen Helse\",\"isPartOf\":{\"@id\":\"https:\\\/\\\/ederagenhelse.no\\\/ny2026\\\/#website\"},\"primaryImageOfPage\":{\"@id\":\"https:\\\/\\\/ederagenhelse.no\\\/ny2026\\\/da\\\/om-os\\\/#primaryimage\"},\"image\":{\"@id\":\"https:\\\/\\\/ederagenhelse.no\\\/ny2026\\\/da\\\/om-os\\\/#primaryimage\"},\"thumbnailUrl\":\"https:\\\/\\\/ederagenhelse.no\\\/ny2026\\\/wp-content\\\/uploads\\\/2023\\\/12\\\/Rectangle-63-1.jpg\",\"datePublished\":\"2024-01-05T13:28:57+00:00\",\"dateModified\":\"2025-01-31T08:56:27+00:00\",\"breadcrumb\":{\"@id\":\"https:\\\/\\\/ederagenhelse.no\\\/ny2026\\\/da\\\/om-os\\\/#breadcrumb\"},\"inLanguage\":\"da-DK\",\"potentialAction\":[{\"@type\":\"ReadAction\",\"target\":[\"https:\\\/\\\/ederagenhelse.no\\\/ny2026\\\/da\\\/om-os\\\/\"]}]},{\"@type\":\"ImageObject\",\"inLanguage\":\"da-DK\",\"@id\":\"https:\\\/\\\/ederagenhelse.no\\\/ny2026\\\/da\\\/om-os\\\/#primaryimage\",\"url\":\"https:\\\/\\\/ederagenhelse.no\\\/ny2026\\\/wp-content\\\/uploads\\\/2023\\\/12\\\/Rectangle-63-1.jpg\",\"contentUrl\":\"https:\\\/\\\/ederagenhelse.no\\\/ny2026\\\/wp-content\\\/uploads\\\/2023\\\/12\\\/Rectangle-63-1.jpg\"},{\"@type\":\"BreadcrumbList\",\"@id\":\"https:\\\/\\\/ederagenhelse.no\\\/ny2026\\\/da\\\/om-os\\\/#breadcrumb\",\"itemListElement\":[{\"@type\":\"ListItem\",\"position\":1,\"name\":\"Hjem\",\"item\":\"https:\\\/\\\/ederagenhelse.no\\\/ny2026\\\/\"},{\"@type\":\"ListItem\",\"position\":2,\"name\":\"Om os\"}]},{\"@type\":\"WebSite\",\"@id\":\"https:\\\/\\\/ederagenhelse.no\\\/ny2026\\\/#website\",\"url\":\"https:\\\/\\\/ederagenhelse.no\\\/ny2026\\\/\",\"name\":\"Ederagen Helse\",\"description\":\"Lidenskapelig opptatt av god helse og godt immunforsvar\",\"publisher\":{\"@id\":\"https:\\\/\\\/ederagenhelse.no\\\/ny2026\\\/#organization\"},\"potentialAction\":[{\"@type\":\"SearchAction\",\"target\":{\"@type\":\"EntryPoint\",\"urlTemplate\":\"https:\\\/\\\/ederagenhelse.no\\\/ny2026\\\/?s={search_term_string}\"},\"query-input\":{\"@type\":\"PropertyValueSpecification\",\"valueRequired\":true,\"valueName\":\"search_term_string\"}}],\"inLanguage\":\"da-DK\"},{\"@type\":\"Organization\",\"@id\":\"https:\\\/\\\/ederagenhelse.no\\\/ny2026\\\/#organization\",\"name\":\"Ederagen Helse\",\"url\":\"https:\\\/\\\/ederagenhelse.no\\\/ny2026\\\/\",\"logo\":{\"@type\":\"ImageObject\",\"inLanguage\":\"da-DK\",\"@id\":\"https:\\\/\\\/ederagenhelse.no\\\/ny2026\\\/#\\\/schema\\\/logo\\\/image\\\/\",\"url\":\"https:\\\/\\\/ederagenhelse.no\\\/ny2026\\\/wp-content\\\/uploads\\\/2024\\\/02\\\/logo-hvit-1.png\",\"contentUrl\":\"https:\\\/\\\/ederagenhelse.no\\\/ny2026\\\/wp-content\\\/uploads\\\/2024\\\/02\\\/logo-hvit-1.png\",\"width\":2560,\"height\":418,\"caption\":\"Ederagen Helse \"},\"image\":{\"@id\":\"https:\\\/\\\/ederagenhelse.no\\\/ny2026\\\/#\\\/schema\\\/logo\\\/image\\\/\"}}]}<\/script>\n<!-- \/ Yoast SEO plugin. -->","yoast_head_json":{"title":"Om os - Ederagen Helse","robots":{"index":"noindex","follow":"follow","max-snippet":"max-snippet:-1","max-image-preview":"max-image-preview:large","max-video-preview":"max-video-preview:-1"},"og_locale":"da_DK","og_type":"article","og_title":"Om os - Ederagen Helse","og_description":"EderaGen Health AS EderaGen Helse AS er et salgsselskab for kosttilskud, som s\u00e6lges via selskabets egen netbutik. Vi har s\u00e6rligt fokus p\u00e5 jordbundsstoffer, som mennesket har tilpasset sig gennem hundredtusinder af \u00e5r, og som er en mangelvare i dagens moderne samfund. Kosttilskuddene skal tages forebyggende som kompensation for den tabte kontakt med vores oprindelige naturlige [&hellip;]","og_url":"https:\/\/ederagenhelse.no\/ny2026\/da\/om-os\/","og_site_name":"Ederagen Helse","article_modified_time":"2025-01-31T08:56:27+00:00","og_image":[{"width":841,"height":900,"url":"https:\/\/ederagenhelse.no\/ny2026\/wp-content\/uploads\/2023\/12\/Rectangle-63-1.jpg","type":"image\/jpeg"}],"twitter_card":"summary_large_image","twitter_misc":{"Estimeret l\u00e6setid":"2 minutter"},"schema":{"@context":"https:\/\/schema.org","@graph":[{"@type":"WebPage","@id":"https:\/\/ederagenhelse.no\/ny2026\/da\/om-os\/","url":"https:\/\/ederagenhelse.no\/ny2026\/da\/om-os\/","name":"Om os - Ederagen Helse","isPartOf":{"@id":"https:\/\/ederagenhelse.no\/ny2026\/#website"},"primaryImageOfPage":{"@id":"https:\/\/ederagenhelse.no\/ny2026\/da\/om-os\/#primaryimage"},"image":{"@id":"https:\/\/ederagenhelse.no\/ny2026\/da\/om-os\/#primaryimage"},"thumbnailUrl":"https:\/\/ederagenhelse.no\/ny2026\/wp-content\/uploads\/2023\/12\/Rectangle-63-1.jpg","datePublished":"2024-01-05T13:28:57+00:00","dateModified":"2025-01-31T08:56:27+00:00","breadcrumb":{"@id":"https:\/\/ederagenhelse.no\/ny2026\/da\/om-os\/#breadcrumb"},"inLanguage":"da-DK","potentialAction":[{"@type":"ReadAction","target":["https:\/\/ederagenhelse.no\/ny2026\/da\/om-os\/"]}]},{"@type":"ImageObject","inLanguage":"da-DK","@id":"https:\/\/ederagenhelse.no\/ny2026\/da\/om-os\/#primaryimage","url":"https:\/\/ederagenhelse.no\/ny2026\/wp-content\/uploads\/2023\/12\/Rectangle-63-1.jpg","contentUrl":"https:\/\/ederagenhelse.no\/ny2026\/wp-content\/uploads\/2023\/12\/Rectangle-63-1.jpg"},{"@type":"BreadcrumbList","@id":"https:\/\/ederagenhelse.no\/ny2026\/da\/om-os\/#breadcrumb","itemListElement":[{"@type":"ListItem","position":1,"name":"Hjem","item":"https:\/\/ederagenhelse.no\/ny2026\/"},{"@type":"ListItem","position":2,"name":"Om os"}]},{"@type":"WebSite","@id":"https:\/\/ederagenhelse.no\/ny2026\/#website","url":"https:\/\/ederagenhelse.no\/ny2026\/","name":"Ederagen Helse","description":"Lidenskapelig opptatt av god helse og godt immunforsvar","publisher":{"@id":"https:\/\/ederagenhelse.no\/ny2026\/#organization"},"potentialAction":[{"@type":"SearchAction","target":{"@type":"EntryPoint","urlTemplate":"https:\/\/ederagenhelse.no\/ny2026\/?s={search_term_string}"},"query-input":{"@type":"PropertyValueSpecification","valueRequired":true,"valueName":"search_term_string"}}],"inLanguage":"da-DK"},{"@type":"Organization","@id":"https:\/\/ederagenhelse.no\/ny2026\/#organization","name":"Ederagen Helse","url":"https:\/\/ederagenhelse.no\/ny2026\/","logo":{"@type":"ImageObject","inLanguage":"da-DK","@id":"https:\/\/ederagenhelse.no\/ny2026\/#\/schema\/logo\/image\/","url":"https:\/\/ederagenhelse.no\/ny2026\/wp-content\/uploads\/2024\/02\/logo-hvit-1.png","contentUrl":"https:\/\/ederagenhelse.no\/ny2026\/wp-content\/uploads\/2024\/02\/logo-hvit-1.png","width":2560,"height":418,"caption":"Ederagen Helse "},"image":{"@id":"https:\/\/ederagenhelse.no\/ny2026\/#\/schema\/logo\/image\/"}}]}},"_links":{"self":[{"href":"https:\/\/ederagenhelse.no\/ny2026\/da\/wp-json\/wp\/v2\/pages\/13794","targetHints":{"allow":["GET"]}}],"collection":[{"href":"https:\/\/ederagenhelse.no\/ny2026\/da\/wp-json\/wp\/v2\/pages"}],"about":[{"href":"https:\/\/ederagenhelse.no\/ny2026\/da\/wp-json\/wp\/v2\/types\/page"}],"author":[{"embeddable":true,"href":"https:\/\/ederagenhelse.no\/ny2026\/da\/wp-json\/wp\/v2\/users\/1"}],"replies":[{"embeddable":true,"href":"https:\/\/ederagenhelse.no\/ny2026\/da\/wp-json\/wp\/v2\/comments?post=13794"}],"version-history":[{"count":3,"href":"https:\/\/ederagenhelse.no\/ny2026\/da\/wp-json\/wp\/v2\/pages\/13794\/revisions"}],"predecessor-version":[{"id":13814,"href":"https:\/\/ederagenhelse.no\/ny2026\/da\/wp-json\/wp\/v2\/pages\/13794\/revisions\/13814"}],"wp:attachment":[{"href":"https:\/\/ederagenhelse.no\/ny2026\/da\/wp-json\/wp\/v2\/media?parent=13794"}],"curies":[{"name":"wp","href":"https:\/\/api.w.org\/{rel}","templated":true}]}}