{"id":13820,"date":"2023-11-24T13:00:05","date_gmt":"2023-11-24T13:00:05","guid":{"rendered":"https:\/\/ederagenhelse.no\/produkt\/ederagard\/"},"modified":"2026-04-28T10:50:21","modified_gmt":"2026-04-28T10:50:21","slug":"ederagard","status":"publish","type":"product","link":"https:\/\/ederagenhelse.no\/da\/produkt\/ederagard\/","title":{"rendered":"EderaGard\u00ae"},"content":{"rendered":"<p>EderaGard\u00ae er et kosttilskud baseret p\u00e5 et helt nyt og patentbeskyttet koncept, der har til form\u00e5l at kompensere for den manglende kontakt med jorden i det moderne samfund.<\/p>\n<p>EderaGard\u00ae er sammensat af to typer fibre, der findes naturligt i gammel skovjord: sort jord (humussyre) og beta-1,3\/1,6-glucan. Kombinationen af disse to fibre har vist sig at give gode v\u00e6kstbetingelser for det rige \u00f8kosystem af livsvigtige mikrober i tarmen. <\/p>\n<p>De aktive ingredienser, fibrene humussyre og beta-glucan, transporteres udelukkende gennem ford\u00f8jelseskanalen. I tarmen kommer de i kontakt med immunceller i tarmv\u00e6ggen og med mikrober i tarmkanalen, som vi mennesker er helt afh\u00e6ngige af for at holde os sunde. <\/p>\n<p>EderaGard\u00ae indeholder hverken levende bakterier eller n\u00e6ringsstoffer, men kun fibre, der findes i jorden. Fibrene passerer gennem ford\u00f8jelseskanalen uden at blive optaget af kroppen og har derfor ingen n\u00e6ringsv\u00e6rdi i traditionel forstand. <\/p>\n<p>En afbalanceret tarmflora med en h\u00f8j artsdiversitet er vigtig for et godt helbred.<\/p>\n","protected":false},"excerpt":{"rendered":"<p>Kosttilskuddet EderaGard\u00ae indeholder naturlige jordstoffer, som giver gode v\u00e6kstbetingelser for vigtige bakterier i \u00f8kosystemet af mikrober i tarmen. Udviklet og fremstillet i Norge. <\/p>\n","protected":false},"featured_media":23816,"template":"","meta":[],"product_brand":[],"product_cat":[42],"product_tag":[],"class_list":{"0":"post-13820","1":"product","2":"type-product","3":"status-publish","4":"has-post-thumbnail","6":"product_cat-ederagard-da","8":"first","9":"instock","10":"taxable","11":"shipping-taxable","12":"purchasable","13":"product-type-simple"},"yoast_head":"<!-- This site is optimized with the Yoast SEO plugin v27.5 - https:\/\/yoast.com\/product\/yoast-seo-wordpress\/ -->\n<title>EderaGard\u00ae - Ederagen Helse<\/title>\n<meta name=\"description\" content=\"EderaGard underst\u00f8tter en afbalanceret tarmflora og er et kosttilskud med humussyre og betaglukaner, der fremmer en afbalanceret tarmflora og en rig mikrobiel mangfoldighed i tarmen.\" \/>\n<meta name=\"robots\" content=\"index, follow, max-snippet:-1, max-image-preview:large, max-video-preview:-1\" \/>\n<link rel=\"canonical\" href=\"https:\/\/ederagenhelse.no\/da\/produkt\/ederagard\/\" \/>\n<meta property=\"og:locale\" content=\"da_DK\" \/>\n<meta property=\"og:type\" content=\"article\" \/>\n<meta property=\"og:title\" content=\"EderaGard\u00ae - Ederagen Helse\" \/>\n<meta property=\"og:description\" content=\"EderaGard underst\u00f8tter en afbalanceret tarmflora og er et kosttilskud med humussyre og betaglukaner, der fremmer en afbalanceret tarmflora og en rig mikrobiel mangfoldighed i tarmen.\" \/>\n<meta property=\"og:url\" content=\"https:\/\/ederagenhelse.no\/da\/produkt\/ederagard\/\" \/>\n<meta property=\"og:site_name\" content=\"Ederagen Helse\" \/>\n<meta property=\"article:modified_time\" content=\"2026-04-28T10:50:21+00:00\" \/>\n<meta property=\"og:image\" content=\"https:\/\/ederagenhelse.no\/wp-content\/uploads\/2023\/11\/Ederagard-1-scaled-e1773746965505-1024x745.png\" \/>\n\t<meta property=\"og:image:width\" content=\"1024\" \/>\n\t<meta property=\"og:image:height\" content=\"745\" \/>\n\t<meta property=\"og:image:type\" content=\"image\/png\" \/>\n<meta name=\"twitter:card\" content=\"summary_large_image\" \/>\n<meta name=\"twitter:label1\" content=\"Estimeret l\u00e6setid\" \/>\n\t<meta name=\"twitter:data1\" content=\"1 minut\" \/>\n<script type=\"application\/ld+json\" class=\"yoast-schema-graph\">{\"@context\":\"https:\\\/\\\/schema.org\",\"@graph\":[{\"@type\":\"WebPage\",\"@id\":\"https:\\\/\\\/ederagenhelse.no\\\/da\\\/produkt\\\/ederagard\\\/\",\"url\":\"https:\\\/\\\/ederagenhelse.no\\\/da\\\/produkt\\\/ederagard\\\/\",\"name\":\"EderaGard\u00ae - Ederagen Helse\",\"isPartOf\":{\"@id\":\"https:\\\/\\\/ederagenhelse.no\\\/#website\"},\"primaryImageOfPage\":{\"@id\":\"https:\\\/\\\/ederagenhelse.no\\\/da\\\/produkt\\\/ederagard\\\/#primaryimage\"},\"image\":{\"@id\":\"https:\\\/\\\/ederagenhelse.no\\\/da\\\/produkt\\\/ederagard\\\/#primaryimage\"},\"thumbnailUrl\":\"https:\\\/\\\/ederagenhelse.no\\\/wp-content\\\/uploads\\\/2023\\\/11\\\/Ederagard-1-scaled-e1773746965505.png\",\"datePublished\":\"2023-11-24T13:00:05+00:00\",\"dateModified\":\"2026-04-28T10:50:21+00:00\",\"description\":\"EderaGard underst\u00f8tter en afbalanceret tarmflora og er et kosttilskud med humussyre og betaglukaner, der fremmer en afbalanceret tarmflora og en rig mikrobiel mangfoldighed i tarmen.\",\"breadcrumb\":{\"@id\":\"https:\\\/\\\/ederagenhelse.no\\\/da\\\/produkt\\\/ederagard\\\/#breadcrumb\"},\"inLanguage\":\"da-DK\",\"potentialAction\":[{\"@type\":\"ReadAction\",\"target\":[\"https:\\\/\\\/ederagenhelse.no\\\/da\\\/produkt\\\/ederagard\\\/\"]}]},{\"@type\":\"ImageObject\",\"inLanguage\":\"da-DK\",\"@id\":\"https:\\\/\\\/ederagenhelse.no\\\/da\\\/produkt\\\/ederagard\\\/#primaryimage\",\"url\":\"https:\\\/\\\/ederagenhelse.no\\\/wp-content\\\/uploads\\\/2023\\\/11\\\/Ederagard-1-scaled-e1773746965505.png\",\"contentUrl\":\"https:\\\/\\\/ederagenhelse.no\\\/wp-content\\\/uploads\\\/2023\\\/11\\\/Ederagard-1-scaled-e1773746965505.png\",\"width\":2030,\"height\":1476},{\"@type\":\"BreadcrumbList\",\"@id\":\"https:\\\/\\\/ederagenhelse.no\\\/da\\\/produkt\\\/ederagard\\\/#breadcrumb\",\"itemListElement\":[{\"@type\":\"ListItem\",\"position\":1,\"name\":\"Hjem\",\"item\":\"https:\\\/\\\/ederagenhelse.no\\\/da\\\/\"},{\"@type\":\"ListItem\",\"position\":2,\"name\":\"Shop\",\"item\":\"https:\\\/\\\/ederagenhelse.no\\\/da\\\/shop\\\/\"},{\"@type\":\"ListItem\",\"position\":3,\"name\":\"EderaGard\u00ae\"}]},{\"@type\":\"WebSite\",\"@id\":\"https:\\\/\\\/ederagenhelse.no\\\/#website\",\"url\":\"https:\\\/\\\/ederagenhelse.no\\\/\",\"name\":\"Ederagen Helse\",\"description\":\"Lidenskapelig opptatt av god helse og godt immunforsvar\",\"publisher\":{\"@id\":\"https:\\\/\\\/ederagenhelse.no\\\/#organization\"},\"potentialAction\":[{\"@type\":\"SearchAction\",\"target\":{\"@type\":\"EntryPoint\",\"urlTemplate\":\"https:\\\/\\\/ederagenhelse.no\\\/?s={search_term_string}\"},\"query-input\":{\"@type\":\"PropertyValueSpecification\",\"valueRequired\":true,\"valueName\":\"search_term_string\"}}],\"inLanguage\":\"da-DK\"},{\"@type\":\"Organization\",\"@id\":\"https:\\\/\\\/ederagenhelse.no\\\/#organization\",\"name\":\"Ederagen Helse\",\"url\":\"https:\\\/\\\/ederagenhelse.no\\\/\",\"logo\":{\"@type\":\"ImageObject\",\"inLanguage\":\"da-DK\",\"@id\":\"https:\\\/\\\/ederagenhelse.no\\\/#\\\/schema\\\/logo\\\/image\\\/\",\"url\":\"https:\\\/\\\/ederagenhelse.no\\\/wp-content\\\/uploads\\\/2024\\\/02\\\/logo-hvit-1.png\",\"contentUrl\":\"https:\\\/\\\/ederagenhelse.no\\\/wp-content\\\/uploads\\\/2024\\\/02\\\/logo-hvit-1.png\",\"width\":2560,\"height\":418,\"caption\":\"Ederagen Helse \"},\"image\":{\"@id\":\"https:\\\/\\\/ederagenhelse.no\\\/#\\\/schema\\\/logo\\\/image\\\/\"}}]}<\/script>\n<!-- \/ Yoast SEO plugin. -->","yoast_head_json":{"title":"EderaGard\u00ae - Ederagen Helse","description":"EderaGard underst\u00f8tter en afbalanceret tarmflora og er et kosttilskud med humussyre og betaglukaner, der fremmer en afbalanceret tarmflora og en rig mikrobiel mangfoldighed i tarmen.","robots":{"index":"index","follow":"follow","max-snippet":"max-snippet:-1","max-image-preview":"max-image-preview:large","max-video-preview":"max-video-preview:-1"},"canonical":"https:\/\/ederagenhelse.no\/da\/produkt\/ederagard\/","og_locale":"da_DK","og_type":"article","og_title":"EderaGard\u00ae - Ederagen Helse","og_description":"EderaGard underst\u00f8tter en afbalanceret tarmflora og er et kosttilskud med humussyre og betaglukaner, der fremmer en afbalanceret tarmflora og en rig mikrobiel mangfoldighed i tarmen.","og_url":"https:\/\/ederagenhelse.no\/da\/produkt\/ederagard\/","og_site_name":"Ederagen Helse","article_modified_time":"2026-04-28T10:50:21+00:00","og_image":[{"width":1024,"height":745,"url":"https:\/\/ederagenhelse.no\/wp-content\/uploads\/2023\/11\/Ederagard-1-scaled-e1773746965505-1024x745.png","type":"image\/png"}],"twitter_card":"summary_large_image","twitter_misc":{"Estimeret l\u00e6setid":"1 minut"},"schema":{"@context":"https:\/\/schema.org","@graph":[{"@type":"WebPage","@id":"https:\/\/ederagenhelse.no\/da\/produkt\/ederagard\/","url":"https:\/\/ederagenhelse.no\/da\/produkt\/ederagard\/","name":"EderaGard\u00ae - Ederagen Helse","isPartOf":{"@id":"https:\/\/ederagenhelse.no\/#website"},"primaryImageOfPage":{"@id":"https:\/\/ederagenhelse.no\/da\/produkt\/ederagard\/#primaryimage"},"image":{"@id":"https:\/\/ederagenhelse.no\/da\/produkt\/ederagard\/#primaryimage"},"thumbnailUrl":"https:\/\/ederagenhelse.no\/wp-content\/uploads\/2023\/11\/Ederagard-1-scaled-e1773746965505.png","datePublished":"2023-11-24T13:00:05+00:00","dateModified":"2026-04-28T10:50:21+00:00","description":"EderaGard underst\u00f8tter en afbalanceret tarmflora og er et kosttilskud med humussyre og betaglukaner, der fremmer en afbalanceret tarmflora og en rig mikrobiel mangfoldighed i tarmen.","breadcrumb":{"@id":"https:\/\/ederagenhelse.no\/da\/produkt\/ederagard\/#breadcrumb"},"inLanguage":"da-DK","potentialAction":[{"@type":"ReadAction","target":["https:\/\/ederagenhelse.no\/da\/produkt\/ederagard\/"]}]},{"@type":"ImageObject","inLanguage":"da-DK","@id":"https:\/\/ederagenhelse.no\/da\/produkt\/ederagard\/#primaryimage","url":"https:\/\/ederagenhelse.no\/wp-content\/uploads\/2023\/11\/Ederagard-1-scaled-e1773746965505.png","contentUrl":"https:\/\/ederagenhelse.no\/wp-content\/uploads\/2023\/11\/Ederagard-1-scaled-e1773746965505.png","width":2030,"height":1476},{"@type":"BreadcrumbList","@id":"https:\/\/ederagenhelse.no\/da\/produkt\/ederagard\/#breadcrumb","itemListElement":[{"@type":"ListItem","position":1,"name":"Hjem","item":"https:\/\/ederagenhelse.no\/da\/"},{"@type":"ListItem","position":2,"name":"Shop","item":"https:\/\/ederagenhelse.no\/da\/shop\/"},{"@type":"ListItem","position":3,"name":"EderaGard\u00ae"}]},{"@type":"WebSite","@id":"https:\/\/ederagenhelse.no\/#website","url":"https:\/\/ederagenhelse.no\/","name":"Ederagen Helse","description":"Lidenskapelig opptatt av god helse og godt immunforsvar","publisher":{"@id":"https:\/\/ederagenhelse.no\/#organization"},"potentialAction":[{"@type":"SearchAction","target":{"@type":"EntryPoint","urlTemplate":"https:\/\/ederagenhelse.no\/?s={search_term_string}"},"query-input":{"@type":"PropertyValueSpecification","valueRequired":true,"valueName":"search_term_string"}}],"inLanguage":"da-DK"},{"@type":"Organization","@id":"https:\/\/ederagenhelse.no\/#organization","name":"Ederagen Helse","url":"https:\/\/ederagenhelse.no\/","logo":{"@type":"ImageObject","inLanguage":"da-DK","@id":"https:\/\/ederagenhelse.no\/#\/schema\/logo\/image\/","url":"https:\/\/ederagenhelse.no\/wp-content\/uploads\/2024\/02\/logo-hvit-1.png","contentUrl":"https:\/\/ederagenhelse.no\/wp-content\/uploads\/2024\/02\/logo-hvit-1.png","width":2560,"height":418,"caption":"Ederagen Helse "},"image":{"@id":"https:\/\/ederagenhelse.no\/#\/schema\/logo\/image\/"}}]}},"_links":{"self":[{"href":"https:\/\/ederagenhelse.no\/da\/wp-json\/wp\/v2\/product\/13820","targetHints":{"allow":["GET"]}}],"collection":[{"href":"https:\/\/ederagenhelse.no\/da\/wp-json\/wp\/v2\/product"}],"about":[{"href":"https:\/\/ederagenhelse.no\/da\/wp-json\/wp\/v2\/types\/product"}],"wp:featuredmedia":[{"embeddable":true,"href":"https:\/\/ederagenhelse.no\/da\/wp-json\/wp\/v2\/media\/23816"}],"wp:attachment":[{"href":"https:\/\/ederagenhelse.no\/da\/wp-json\/wp\/v2\/media?parent=13820"}],"wp:term":[{"taxonomy":"product_brand","embeddable":true,"href":"https:\/\/ederagenhelse.no\/da\/wp-json\/wp\/v2\/product_brand?post=13820"},{"taxonomy":"product_cat","embeddable":true,"href":"https:\/\/ederagenhelse.no\/da\/wp-json\/wp\/v2\/product_cat?post=13820"},{"taxonomy":"product_tag","embeddable":true,"href":"https:\/\/ederagenhelse.no\/da\/wp-json\/wp\/v2\/product_tag?post=13820"}],"curies":[{"name":"wp","href":"https:\/\/api.w.org\/{rel}","templated":true}]}}